{"id":16,"date":"2016-06-17T13:04:00","date_gmt":"2016-06-17T13:04:00","guid":{"rendered":"http:\/\/kerekgyartoedina.hu\/?page_id=16"},"modified":"2016-11-18T00:15:59","modified_gmt":"2016-11-17T23:15:59","slug":"fellepesek","status":"publish","type":"page","link":"https:\/\/kerekgyartoedina.hu\/en\/fellepesek\/","title":{"rendered":"Performances"},"content":{"rendered":"<img loading=\"lazy\" class=\"alignright size-full wp-image-107\" src=\"http:\/\/kerekgyartoedina.hu\/wp-content\/uploads\/2016\/06\/fellep.png\" alt=\"fellep\" width=\"311\" height=\"417\" srcset=\"https:\/\/kerekgyartoedina.hu\/wp-content\/uploads\/2016\/06\/fellep.png 311w, https:\/\/kerekgyartoedina.hu\/wp-content\/uploads\/2016\/06\/fellep-224x300.png 224w\" sizes=\"(max-width: 311px) 100vw, 311px\" \/><\/p>\n<h2>2014<\/h2>\n<ul>\n<li>Opening of the exhibition of the painter Barbara B\u00f3di \u2013 Mad\u00e1ch Theatre,<\/li>\n<li>by Anik\u00f3 L\u00e9vai, Goodwill Ambassador of Hungarian Interchurch Aid Kossuth Award winner and J\u00e1szai Mari Award winner director Tam\u00e1s Szirtes<\/li>\n<\/ul>\n<h2>2013<\/h2>\n<ul>\n<li>Solo dance show in J\u00e1szber\u00e9ny to advertise my mission &#8216;T\u00e1nccal az Elfogad\u00e1s\u00e9rt&#8217; (For Acceptance by Dance), performing sacral Hungarian dances together with contemporary gypsy ones and the \u2019mandatory\u2019<\/li>\n<li>Cig\u00e1nyhimnusz (Gypsy Anthem) choreography<\/li>\n<li>Performing a solo dance for the music video of Lilla Vincze and Xavier Rivadeneira in the G\u00f6d\u00f6ll\u0151 Palace<\/li>\n<\/ul>\n<h2>2012<\/h2>\n<ul>\n<li>Performing the solo dance choreography Cig\u00e1nyhimnusz (Gypsy Anthem) in M\u0171v\u00e9szetek Palot\u00e1ja (Palace of Arts, Hungary), in the framework of Szakcsi World Jazz Project, invited by the Kossuth Award winner piano player B\u00e9la Szakcsi Lakatos. The show was performed for the live music of Grammy winner Terri Lyne Carrington, Anthony Cox, Amit Chatterjee, Ikhlaq Hussian, Tony Lakatos, M\u00f3nika Rost\u00e1s, M\u00f3nika Miczura and Csaba Rost\u00e1s<\/li>\n<li>Documentary with interviews in Kultikon, the art programme of Duna TV. I was invited by the director Judit Keser\u0171. The documentary highlighted my achievements in contemporary Gipsy dances and included a live dance show<\/li>\n<li>Performing the dance choreography Cig\u00e1nyhimnusz (Gypsy Anthem) at the launch of a book by Menyh\u00e9rt Lakatos, invited by \u00c9va Lakatos, sharing the stage among others with the poet J\u00f3zsef Choli Dar\u00f3czi and the Kossuth Award winner painter Istv\u00e1n Zenana\u2019s<\/li>\n<\/ul>\n<p>&nbsp;","protected":false},"excerpt":{"rendered":"<p>2014 Opening of the exhibition of the painter Barbara B\u00f3di \u2013 Mad\u00e1ch Theatre, by Anik\u00f3 L\u00e9vai, Goodwill Ambassador of Hungarian Interchurch Aid Kossuth Award winner and J\u00e1szai Mari Award winner director Tam\u00e1s Szirtes 2013 Solo dance show in J\u00e1szber\u00e9ny to advertise my mission &#8216;T\u00e1nccal az Elfogad\u00e1s\u00e9rt&#8217; (For Acceptance by Dance), performing sacral Hungarian dances together [&hellip;]<\/p>\n","protected":false},"author":1,"featured_media":0,"parent":0,"menu_order":0,"comment_status":"closed","ping_status":"closed","template":"","meta":[],"yoast_head":"<!-- This site is optimized with the Yoast SEO plugin v15.0 - https:\/\/yoast.com\/wordpress\/plugins\/seo\/ -->\n<title>Performances - Ker\u00e9kgy\u00e1rt\u00f3 Edina<\/title>\n<meta name=\"robots\" content=\"index, follow, max-snippet:-1, max-image-preview:large, max-video-preview:-1\" \/>\n<link rel=\"canonical\" href=\"http:\/\/kerekgyartoedina.hu\/fellepesek\/\" \/>\n<meta property=\"og:locale\" content=\"en_US\" \/>\n<meta property=\"og:type\" content=\"article\" \/>\n<meta property=\"og:title\" content=\"[:hu]Fell\u00e9p\u00e9sek[:en]Performances[:] - Ker\u00e9kgy\u00e1rt\u00f3 Edina\" \/>\n<meta property=\"og:description\" content=\"2014 Opening of the exhibition of the painter Barbara B\u00f3di \u2013 Mad\u00e1ch Theatre, by Anik\u00f3 L\u00e9vai, Goodwill Ambassador of Hungarian Interchurch Aid Kossuth Award winner and J\u00e1szai Mari Award winner director Tam\u00e1s Szirtes 2013 Solo dance show in J\u00e1szber\u00e9ny to advertise my mission &#8216;T\u00e1nccal az Elfogad\u00e1s\u00e9rt&#8217; (For Acceptance by Dance), performing sacral Hungarian dances together [&hellip;]\" \/>\n<meta property=\"og:url\" content=\"http:\/\/kerekgyartoedina.hu\/fellepesek\/\" \/>\n<meta property=\"og:site_name\" content=\"Ker\u00e9kgy\u00e1rt\u00f3 Edina\" \/>\n<meta property=\"article:modified_time\" content=\"2016-11-17T23:15:59+00:00\" \/>\n<meta property=\"og:image\" content=\"http:\/\/kerekgyartoedina.hu\/wp-content\/uploads\/2016\/06\/fellep.png\" \/>\n<meta name=\"twitter:card\" content=\"summary\" \/>\n<script type=\"application\/ld+json\" class=\"yoast-schema-graph\">{\"@context\":\"https:\/\/schema.org\",\"@graph\":[{\"@type\":\"WebSite\",\"@id\":\"https:\/\/kerekgyartoedina.hu\/en\/#website\",\"url\":\"https:\/\/kerekgyartoedina.hu\/en\/\",\"name\":\"Ker\\u00e9kgy\\u00e1rt\\u00f3 Edina\",\"description\":\"Dancer\",\"potentialAction\":[{\"@type\":\"SearchAction\",\"target\":\"https:\/\/kerekgyartoedina.hu\/en\/?s={search_term_string}\",\"query-input\":\"required name=search_term_string\"}],\"inLanguage\":\"en-US\"},{\"@type\":\"ImageObject\",\"@id\":\"http:\/\/kerekgyartoedina.hu\/fellepesek\/#primaryimage\",\"inLanguage\":\"en-US\",\"url\":\"http:\/\/kerekgyartoedina.hu\/wp-content\/uploads\/2016\/06\/fellep.png\"},{\"@type\":\"WebPage\",\"@id\":\"http:\/\/kerekgyartoedina.hu\/fellepesek\/#webpage\",\"url\":\"http:\/\/kerekgyartoedina.hu\/fellepesek\/\",\"name\":\"[:hu]Fell\\u00e9p\\u00e9sek[:en]Performances[:] - Ker\\u00e9kgy\\u00e1rt\\u00f3 Edina\",\"isPartOf\":{\"@id\":\"https:\/\/kerekgyartoedina.hu\/en\/#website\"},\"primaryImageOfPage\":{\"@id\":\"http:\/\/kerekgyartoedina.hu\/fellepesek\/#primaryimage\"},\"datePublished\":\"2016-06-17T13:04:00+00:00\",\"dateModified\":\"2016-11-17T23:15:59+00:00\",\"inLanguage\":\"en-US\",\"potentialAction\":[{\"@type\":\"ReadAction\",\"target\":[\"http:\/\/kerekgyartoedina.hu\/fellepesek\/\"]}]}]}<\/script>\n<!-- \/ Yoast SEO plugin. -->","_links":{"self":[{"href":"https:\/\/kerekgyartoedina.hu\/en\/wp-json\/wp\/v2\/pages\/16"}],"collection":[{"href":"https:\/\/kerekgyartoedina.hu\/en\/wp-json\/wp\/v2\/pages"}],"about":[{"href":"https:\/\/kerekgyartoedina.hu\/en\/wp-json\/wp\/v2\/types\/page"}],"author":[{"embeddable":true,"href":"https:\/\/kerekgyartoedina.hu\/en\/wp-json\/wp\/v2\/users\/1"}],"replies":[{"embeddable":true,"href":"https:\/\/kerekgyartoedina.hu\/en\/wp-json\/wp\/v2\/comments?post=16"}],"version-history":[{"count":16,"href":"https:\/\/kerekgyartoedina.hu\/en\/wp-json\/wp\/v2\/pages\/16\/revisions"}],"predecessor-version":[{"id":319,"href":"https:\/\/kerekgyartoedina.hu\/en\/wp-json\/wp\/v2\/pages\/16\/revisions\/319"}],"wp:attachment":[{"href":"https:\/\/kerekgyartoedina.hu\/en\/wp-json\/wp\/v2\/media?parent=16"}],"curies":[{"name":"wp","href":"https:\/\/api.w.org\/{rel}","templated":true}]}}