{"id":2,"date":"2016-06-17T12:39:07","date_gmt":"2016-06-17T12:39:07","guid":{"rendered":"http:\/\/kerekgyartoedina.hu\/?page_id=2"},"modified":"2016-06-17T12:52:25","modified_gmt":"2016-06-17T12:52:25","slug":"ez-egy-minta-oldal","status":"publish","type":"page","link":"https:\/\/kerekgyartoedina.hu\/en\/","title":{"rendered":"Nyit\u00f3lap"},"content":{"rendered":"","protected":false},"excerpt":{"rendered":"","protected":false},"author":1,"featured_media":0,"parent":0,"menu_order":0,"comment_status":"closed","ping_status":"open","template":"page-front.php","meta":[],"yoast_head":"<!-- This site is optimized with the Yoast SEO plugin v15.0 - https:\/\/yoast.com\/wordpress\/plugins\/seo\/ -->\n<title>Nyit\u00f3lap - Ker\u00e9kgy\u00e1rt\u00f3 Edina<\/title>\n<meta name=\"robots\" content=\"index, follow, max-snippet:-1, max-image-preview:large, max-video-preview:-1\" \/>\n<link rel=\"canonical\" href=\"http:\/\/kerekgyartoedina.hu\/\" \/>\n<meta property=\"og:locale\" content=\"en_US\" \/>\n<meta property=\"og:type\" content=\"article\" \/>\n<meta property=\"og:title\" content=\"Nyit\u00f3lap - Ker\u00e9kgy\u00e1rt\u00f3 Edina\" \/>\n<meta property=\"og:url\" content=\"http:\/\/kerekgyartoedina.hu\/\" \/>\n<meta property=\"og:site_name\" content=\"Ker\u00e9kgy\u00e1rt\u00f3 Edina\" \/>\n<meta property=\"article:modified_time\" content=\"2016-06-17T12:52:25+00:00\" \/>\n<meta name=\"twitter:card\" content=\"summary\" \/>\n<script type=\"application\/ld+json\" class=\"yoast-schema-graph\">{\"@context\":\"https:\/\/schema.org\",\"@graph\":[{\"@type\":\"WebSite\",\"@id\":\"https:\/\/kerekgyartoedina.hu\/en\/#website\",\"url\":\"https:\/\/kerekgyartoedina.hu\/en\/\",\"name\":\"Ker\\u00e9kgy\\u00e1rt\\u00f3 Edina\",\"description\":\"Dancer\",\"potentialAction\":[{\"@type\":\"SearchAction\",\"target\":\"https:\/\/kerekgyartoedina.hu\/en\/?s={search_term_string}\",\"query-input\":\"required name=search_term_string\"}],\"inLanguage\":\"en-US\"},{\"@type\":\"WebPage\",\"@id\":\"http:\/\/kerekgyartoedina.hu\/#webpage\",\"url\":\"http:\/\/kerekgyartoedina.hu\/\",\"name\":\"Nyit\\u00f3lap - Ker\\u00e9kgy\\u00e1rt\\u00f3 Edina\",\"isPartOf\":{\"@id\":\"https:\/\/kerekgyartoedina.hu\/en\/#website\"},\"datePublished\":\"2016-06-17T12:39:07+00:00\",\"dateModified\":\"2016-06-17T12:52:25+00:00\",\"inLanguage\":\"en-US\",\"potentialAction\":[{\"@type\":\"ReadAction\",\"target\":[\"http:\/\/kerekgyartoedina.hu\/\"]}]}]}<\/script>\n<!-- \/ Yoast SEO plugin. -->","_links":{"self":[{"href":"https:\/\/kerekgyartoedina.hu\/en\/wp-json\/wp\/v2\/pages\/2"}],"collection":[{"href":"https:\/\/kerekgyartoedina.hu\/en\/wp-json\/wp\/v2\/pages"}],"about":[{"href":"https:\/\/kerekgyartoedina.hu\/en\/wp-json\/wp\/v2\/types\/page"}],"author":[{"embeddable":true,"href":"https:\/\/kerekgyartoedina.hu\/en\/wp-json\/wp\/v2\/users\/1"}],"replies":[{"embeddable":true,"href":"https:\/\/kerekgyartoedina.hu\/en\/wp-json\/wp\/v2\/comments?post=2"}],"version-history":[{"count":3,"href":"https:\/\/kerekgyartoedina.hu\/en\/wp-json\/wp\/v2\/pages\/2\/revisions"}],"predecessor-version":[{"id":6,"href":"https:\/\/kerekgyartoedina.hu\/en\/wp-json\/wp\/v2\/pages\/2\/revisions\/6"}],"wp:attachment":[{"href":"https:\/\/kerekgyartoedina.hu\/en\/wp-json\/wp\/v2\/media?parent=2"}],"curies":[{"name":"wp","href":"https:\/\/api.w.org\/{rel}","templated":true}]}}