{"id":30,"date":"2016-06-17T13:06:20","date_gmt":"2016-06-17T13:06:20","guid":{"rendered":"http:\/\/kerekgyartoedina.hu\/?page_id=30"},"modified":"2016-10-09T22:18:19","modified_gmt":"2016-10-09T20:18:19","slug":"iskolak","status":"publish","type":"page","link":"https:\/\/kerekgyartoedina.hu\/en\/magamrol\/iskolak\/","title":{"rendered":"Education"},"content":{"rendered":"<img loading=\"lazy\" class=\"alignright size-full wp-image-149\" src=\"http:\/\/kerekgyartoedina.hu\/wp-content\/uploads\/2016\/06\/bio.png\" alt=\"bio\" width=\"349\" height=\"634\" srcset=\"https:\/\/kerekgyartoedina.hu\/wp-content\/uploads\/2016\/06\/bio.png 349w, https:\/\/kerekgyartoedina.hu\/wp-content\/uploads\/2016\/06\/bio-165x300.png 165w\" sizes=\"(max-width: 349px) 100vw, 349px\" \/><\/p>\n<h3>1984-1992<\/h3>\n<p>Primary School: &#8220;Remetekertv\u00e1rosi&#8221; Primary School, Budapest, Hungary<\/p>\n<h3>1992-1996<\/h3>\n<p>Secondary School: : &#8220;Novus&#8221; Grammar School, Budapest, Hungary<\/p>\n<h3>1996-1999<\/h3>\n<p>College: &#8220;Kodol\u00e1nyi J\u00e1nos&#8221; College, Sz\u00e9kesfeh\u00e9rv\u00e1r, Hungary<br \/>\nFoundation Course. First and second years completed<\/p>\n<h3>1999-2000<\/h3>\n<p>Waltham Forest College, London<br \/>\nEnglish as a Foreign Language Class<\/p>\n<h3>1999-2000<\/h3>\n<p>Irish Spirit Step Dance School, London<\/p>\n<h3>2001-2003<\/h3>\n<p>Kodol\u00e1nyi J\u00e1nos College, Sz\u00e9kesfeh\u00e9rv\u00e1r, Hungary.<br \/>\n&#8211; Third and fourth years completed.<br \/>\n&#8211; Specialised in Animation<\/p>\n<h3>2003-2005<\/h3>\n<p>University of Craft and Design<br \/>\n&#8211; Budapest Faculty: Art Management<\/p>\n<p><img loading=\"lazy\" class=\"alignleft size-full wp-image-151\" src=\"http:\/\/kerekgyartoedina.hu\/wp-content\/uploads\/2016\/06\/biopic.jpg\" alt=\"biopic\" width=\"438\" height=\"140\" srcset=\"https:\/\/kerekgyartoedina.hu\/wp-content\/uploads\/2016\/06\/biopic.jpg 438w, https:\/\/kerekgyartoedina.hu\/wp-content\/uploads\/2016\/06\/biopic-300x96.jpg 300w\" sizes=\"(max-width: 438px) 100vw, 438px\" \/>","protected":false},"excerpt":{"rendered":"<p>1984-1992 Primary School: &#8220;Remetekertv\u00e1rosi&#8221; Primary School, Budapest, Hungary 1992-1996 Secondary School: : &#8220;Novus&#8221; Grammar School, Budapest, Hungary 1996-1999 College: &#8220;Kodol\u00e1nyi J\u00e1nos&#8221; College, Sz\u00e9kesfeh\u00e9rv\u00e1r, Hungary Foundation Course. First and second years completed 1999-2000 Waltham Forest College, London English as a Foreign Language Class 1999-2000 Irish Spirit Step Dance School, London 2001-2003 Kodol\u00e1nyi J\u00e1nos College, Sz\u00e9kesfeh\u00e9rv\u00e1r, Hungary. [&hellip;]<\/p>\n","protected":false},"author":1,"featured_media":0,"parent":10,"menu_order":0,"comment_status":"closed","ping_status":"closed","template":"","meta":[],"yoast_head":"<!-- This site is optimized with the Yoast SEO plugin v15.0 - https:\/\/yoast.com\/wordpress\/plugins\/seo\/ -->\n<title>Education - Ker\u00e9kgy\u00e1rt\u00f3 Edina<\/title>\n<meta name=\"robots\" content=\"index, follow, max-snippet:-1, max-image-preview:large, max-video-preview:-1\" \/>\n<link rel=\"canonical\" href=\"http:\/\/kerekgyartoedina.hu\/magamrol\/iskolak\/\" \/>\n<meta property=\"og:locale\" content=\"en_US\" \/>\n<meta property=\"og:type\" content=\"article\" \/>\n<meta property=\"og:title\" content=\"[:hu]Iskol\u00e1k[:en]Education[:] - Ker\u00e9kgy\u00e1rt\u00f3 Edina\" \/>\n<meta property=\"og:description\" content=\"1984-1992 Primary School: &#8220;Remetekertv\u00e1rosi&#8221; Primary School, Budapest, Hungary 1992-1996 Secondary School: : &#8220;Novus&#8221; Grammar School, Budapest, Hungary 1996-1999 College: &#8220;Kodol\u00e1nyi J\u00e1nos&#8221; College, Sz\u00e9kesfeh\u00e9rv\u00e1r, Hungary Foundation Course. First and second years completed 1999-2000 Waltham Forest College, London English as a Foreign Language Class 1999-2000 Irish Spirit Step Dance School, London 2001-2003 Kodol\u00e1nyi J\u00e1nos College, Sz\u00e9kesfeh\u00e9rv\u00e1r, Hungary. [&hellip;]\" \/>\n<meta property=\"og:url\" content=\"http:\/\/kerekgyartoedina.hu\/magamrol\/iskolak\/\" \/>\n<meta property=\"og:site_name\" content=\"Ker\u00e9kgy\u00e1rt\u00f3 Edina\" \/>\n<meta property=\"article:modified_time\" content=\"2016-10-09T20:18:19+00:00\" \/>\n<meta property=\"og:image\" content=\"http:\/\/kerekgyartoedina.hu\/wp-content\/uploads\/2016\/06\/bio.png\" \/>\n<meta name=\"twitter:card\" content=\"summary\" \/>\n<script type=\"application\/ld+json\" class=\"yoast-schema-graph\">{\"@context\":\"https:\/\/schema.org\",\"@graph\":[{\"@type\":\"WebSite\",\"@id\":\"https:\/\/kerekgyartoedina.hu\/en\/#website\",\"url\":\"https:\/\/kerekgyartoedina.hu\/en\/\",\"name\":\"Ker\\u00e9kgy\\u00e1rt\\u00f3 Edina\",\"description\":\"Dancer\",\"potentialAction\":[{\"@type\":\"SearchAction\",\"target\":\"https:\/\/kerekgyartoedina.hu\/en\/?s={search_term_string}\",\"query-input\":\"required name=search_term_string\"}],\"inLanguage\":\"en-US\"},{\"@type\":\"ImageObject\",\"@id\":\"http:\/\/kerekgyartoedina.hu\/magamrol\/iskolak\/#primaryimage\",\"inLanguage\":\"en-US\",\"url\":\"http:\/\/kerekgyartoedina.hu\/wp-content\/uploads\/2016\/06\/bio.png\"},{\"@type\":\"WebPage\",\"@id\":\"http:\/\/kerekgyartoedina.hu\/magamrol\/iskolak\/#webpage\",\"url\":\"http:\/\/kerekgyartoedina.hu\/magamrol\/iskolak\/\",\"name\":\"[:hu]Iskol\\u00e1k[:en]Education[:] - Ker\\u00e9kgy\\u00e1rt\\u00f3 Edina\",\"isPartOf\":{\"@id\":\"https:\/\/kerekgyartoedina.hu\/en\/#website\"},\"primaryImageOfPage\":{\"@id\":\"http:\/\/kerekgyartoedina.hu\/magamrol\/iskolak\/#primaryimage\"},\"datePublished\":\"2016-06-17T13:06:20+00:00\",\"dateModified\":\"2016-10-09T20:18:19+00:00\",\"inLanguage\":\"en-US\",\"potentialAction\":[{\"@type\":\"ReadAction\",\"target\":[\"http:\/\/kerekgyartoedina.hu\/magamrol\/iskolak\/\"]}]}]}<\/script>\n<!-- \/ Yoast SEO plugin. -->","_links":{"self":[{"href":"https:\/\/kerekgyartoedina.hu\/en\/wp-json\/wp\/v2\/pages\/30"}],"collection":[{"href":"https:\/\/kerekgyartoedina.hu\/en\/wp-json\/wp\/v2\/pages"}],"about":[{"href":"https:\/\/kerekgyartoedina.hu\/en\/wp-json\/wp\/v2\/types\/page"}],"author":[{"embeddable":true,"href":"https:\/\/kerekgyartoedina.hu\/en\/wp-json\/wp\/v2\/users\/1"}],"replies":[{"embeddable":true,"href":"https:\/\/kerekgyartoedina.hu\/en\/wp-json\/wp\/v2\/comments?post=30"}],"version-history":[{"count":9,"href":"https:\/\/kerekgyartoedina.hu\/en\/wp-json\/wp\/v2\/pages\/30\/revisions"}],"predecessor-version":[{"id":310,"href":"https:\/\/kerekgyartoedina.hu\/en\/wp-json\/wp\/v2\/pages\/30\/revisions\/310"}],"up":[{"embeddable":true,"href":"https:\/\/kerekgyartoedina.hu\/en\/wp-json\/wp\/v2\/pages\/10"}],"wp:attachment":[{"href":"https:\/\/kerekgyartoedina.hu\/en\/wp-json\/wp\/v2\/media?parent=30"}],"curies":[{"name":"wp","href":"https:\/\/api.w.org\/{rel}","templated":true}]}}