{"id":32,"date":"2016-06-17T13:06:41","date_gmt":"2016-06-17T13:06:41","guid":{"rendered":"http:\/\/kerekgyartoedina.hu\/?page_id=32"},"modified":"2016-10-09T22:19:12","modified_gmt":"2016-10-09T20:19:12","slug":"tanciskolak","status":"publish","type":"page","link":"https:\/\/kerekgyartoedina.hu\/en\/magamrol\/tanciskolak\/","title":{"rendered":"Dance schools"},"content":{"rendered":"<img loading=\"lazy\" class=\"alignright size-full wp-image-153\" src=\"http:\/\/kerekgyartoedina.hu\/wp-content\/uploads\/2016\/06\/bio_tanciskola.png\" alt=\"bio_tanciskola\" width=\"422\" height=\"700\" srcset=\"https:\/\/kerekgyartoedina.hu\/wp-content\/uploads\/2016\/06\/bio_tanciskola.png 422w, https:\/\/kerekgyartoedina.hu\/wp-content\/uploads\/2016\/06\/bio_tanciskola-181x300.png 181w\" sizes=\"(max-width: 422px) 100vw, 422px\" \/><\/p>\n<h3>1987-1991<\/h3>\n<p>G\u00e1bor Keveh\u00e1zi\u2019s School of Classic Ballet, Budapest, Hungary<\/p>\n<h3><strong>1992-1994<\/strong><\/h3>\n<p>Endre Jeszenszky\u2019s School of Ballet and Modern Dances, Budapest, Hungary<\/p>\n<h3><strong>1999-2000<\/strong><\/h3>\n<p>Dance training courses: Limon and Graham techniques, Art Jazz<\/p>\n<h3><strong>2000-2002<\/strong><\/h3>\n<p>Ronan Morgan School of Authentic Irish Tap Dance, Budapest, Hungary<\/p>\n<h3><strong>2002-2004<\/strong><\/h3>\n<p>Catherine Gallagher\u2019s School of Irish Tap Dance, Budapest, Hungary \u2013 Member of the Irish Tap Dance Company \u201cSteps of the Celts\u201d, also teaching<\/p>\n<h3><strong>2004-2005<\/strong><\/h3>\n<p>National Association of Dance Teachers, Budapest &#8211; Modern Contemporary Dance, Head of Team","protected":false},"excerpt":{"rendered":"<p>1987-1991 G\u00e1bor Keveh\u00e1zi\u2019s School of Classic Ballet, Budapest, Hungary 1992-1994 Endre Jeszenszky\u2019s School of Ballet and Modern Dances, Budapest, Hungary 1999-2000 Dance training courses: Limon and Graham techniques, Art Jazz 2000-2002 Ronan Morgan School of Authentic Irish Tap Dance, Budapest, Hungary 2002-2004 Catherine Gallagher\u2019s School of Irish Tap Dance, Budapest, Hungary \u2013 Member of the [&hellip;]<\/p>\n","protected":false},"author":1,"featured_media":0,"parent":10,"menu_order":0,"comment_status":"closed","ping_status":"closed","template":"","meta":[],"yoast_head":"<!-- This site is optimized with the Yoast SEO plugin v15.0 - https:\/\/yoast.com\/wordpress\/plugins\/seo\/ -->\n<title>Dance schools - Ker\u00e9kgy\u00e1rt\u00f3 Edina<\/title>\n<meta name=\"robots\" content=\"index, follow, max-snippet:-1, max-image-preview:large, max-video-preview:-1\" \/>\n<link rel=\"canonical\" href=\"http:\/\/kerekgyartoedina.hu\/magamrol\/tanciskolak\/\" \/>\n<meta property=\"og:locale\" content=\"en_US\" \/>\n<meta property=\"og:type\" content=\"article\" \/>\n<meta property=\"og:title\" content=\"[:hu]T\u00e1nciskol\u00e1k[:en]Dance schools[:] - Ker\u00e9kgy\u00e1rt\u00f3 Edina\" \/>\n<meta property=\"og:description\" content=\"1987-1991 G\u00e1bor Keveh\u00e1zi\u2019s School of Classic Ballet, Budapest, Hungary 1992-1994 Endre Jeszenszky\u2019s School of Ballet and Modern Dances, Budapest, Hungary 1999-2000 Dance training courses: Limon and Graham techniques, Art Jazz 2000-2002 Ronan Morgan School of Authentic Irish Tap Dance, Budapest, Hungary 2002-2004 Catherine Gallagher\u2019s School of Irish Tap Dance, Budapest, Hungary \u2013 Member of the [&hellip;]\" \/>\n<meta property=\"og:url\" content=\"http:\/\/kerekgyartoedina.hu\/magamrol\/tanciskolak\/\" \/>\n<meta property=\"og:site_name\" content=\"Ker\u00e9kgy\u00e1rt\u00f3 Edina\" \/>\n<meta property=\"article:modified_time\" content=\"2016-10-09T20:19:12+00:00\" \/>\n<meta property=\"og:image\" content=\"http:\/\/kerekgyartoedina.hu\/wp-content\/uploads\/2016\/06\/bio_tanciskola.png\" \/>\n<meta name=\"twitter:card\" content=\"summary\" \/>\n<script type=\"application\/ld+json\" class=\"yoast-schema-graph\">{\"@context\":\"https:\/\/schema.org\",\"@graph\":[{\"@type\":\"WebSite\",\"@id\":\"https:\/\/kerekgyartoedina.hu\/en\/#website\",\"url\":\"https:\/\/kerekgyartoedina.hu\/en\/\",\"name\":\"Ker\\u00e9kgy\\u00e1rt\\u00f3 Edina\",\"description\":\"Dancer\",\"potentialAction\":[{\"@type\":\"SearchAction\",\"target\":\"https:\/\/kerekgyartoedina.hu\/en\/?s={search_term_string}\",\"query-input\":\"required name=search_term_string\"}],\"inLanguage\":\"en-US\"},{\"@type\":\"ImageObject\",\"@id\":\"http:\/\/kerekgyartoedina.hu\/magamrol\/tanciskolak\/#primaryimage\",\"inLanguage\":\"en-US\",\"url\":\"http:\/\/kerekgyartoedina.hu\/wp-content\/uploads\/2016\/06\/bio_tanciskola.png\"},{\"@type\":\"WebPage\",\"@id\":\"http:\/\/kerekgyartoedina.hu\/magamrol\/tanciskolak\/#webpage\",\"url\":\"http:\/\/kerekgyartoedina.hu\/magamrol\/tanciskolak\/\",\"name\":\"[:hu]T\\u00e1nciskol\\u00e1k[:en]Dance schools[:] - Ker\\u00e9kgy\\u00e1rt\\u00f3 Edina\",\"isPartOf\":{\"@id\":\"https:\/\/kerekgyartoedina.hu\/en\/#website\"},\"primaryImageOfPage\":{\"@id\":\"http:\/\/kerekgyartoedina.hu\/magamrol\/tanciskolak\/#primaryimage\"},\"datePublished\":\"2016-06-17T13:06:41+00:00\",\"dateModified\":\"2016-10-09T20:19:12+00:00\",\"inLanguage\":\"en-US\",\"potentialAction\":[{\"@type\":\"ReadAction\",\"target\":[\"http:\/\/kerekgyartoedina.hu\/magamrol\/tanciskolak\/\"]}]}]}<\/script>\n<!-- \/ Yoast SEO plugin. -->","_links":{"self":[{"href":"https:\/\/kerekgyartoedina.hu\/en\/wp-json\/wp\/v2\/pages\/32"}],"collection":[{"href":"https:\/\/kerekgyartoedina.hu\/en\/wp-json\/wp\/v2\/pages"}],"about":[{"href":"https:\/\/kerekgyartoedina.hu\/en\/wp-json\/wp\/v2\/types\/page"}],"author":[{"embeddable":true,"href":"https:\/\/kerekgyartoedina.hu\/en\/wp-json\/wp\/v2\/users\/1"}],"replies":[{"embeddable":true,"href":"https:\/\/kerekgyartoedina.hu\/en\/wp-json\/wp\/v2\/comments?post=32"}],"version-history":[{"count":8,"href":"https:\/\/kerekgyartoedina.hu\/en\/wp-json\/wp\/v2\/pages\/32\/revisions"}],"predecessor-version":[{"id":311,"href":"https:\/\/kerekgyartoedina.hu\/en\/wp-json\/wp\/v2\/pages\/32\/revisions\/311"}],"up":[{"embeddable":true,"href":"https:\/\/kerekgyartoedina.hu\/en\/wp-json\/wp\/v2\/pages\/10"}],"wp:attachment":[{"href":"https:\/\/kerekgyartoedina.hu\/en\/wp-json\/wp\/v2\/media?parent=32"}],"curies":[{"name":"wp","href":"https:\/\/api.w.org\/{rel}","templated":true}]}}