{"id":34,"date":"2016-06-17T13:07:00","date_gmt":"2016-06-17T13:07:00","guid":{"rendered":"http:\/\/kerekgyartoedina.hu\/?page_id=34"},"modified":"2016-10-09T22:25:00","modified_gmt":"2016-10-09T20:25:00","slug":"jelentosebb-fellepesek","status":"publish","type":"page","link":"https:\/\/kerekgyartoedina.hu\/en\/magamrol\/jelentosebb-fellepesek\/","title":{"rendered":"Major performances"},"content":{"rendered":"<img loading=\"lazy\" class=\"alignright size-full wp-image-168\" src=\"http:\/\/kerekgyartoedina.hu\/wp-content\/uploads\/2016\/06\/fellep1.png\" alt=\"fellep1\" width=\"168\" height=\"450\" srcset=\"https:\/\/kerekgyartoedina.hu\/wp-content\/uploads\/2016\/06\/fellep1.png 168w, https:\/\/kerekgyartoedina.hu\/wp-content\/uploads\/2016\/06\/fellep1-112x300.png 112w\" sizes=\"(max-width: 168px) 100vw, 168px\" \/>&#8220;By her very own dance choreographies she established a new style in the art of dancing: Edina Ker\u00e9kgy\u00e1rt\u00f3 created Sacral Hungarian Dance and Contemporary Gipsy Dance &#8211; Jazz Gypsy Dance. Reputed composers are keen to work with her as she claims the experience of internalising music is a basic necessity for her. Her choreographies are characterised by visualising music by dancing, strong emotions, an instinctive nature and a special inner strength. Edina Ker\u00e9kgy\u00e1rt\u00f3 is the proud holder of several Hungarian and international awards.<\/p>\n<p>She started a new era in Hungarian pop music as well, creating a magnificent harmony between music and dance and conjuring up the Concert Theatre on stage by means of her. She was invited by several well-known artists and composers as the opening act to their major concerts. In 2007, Edina Ker\u00e9kgy\u00e1rt\u00f3 performed solo choreographies at the anniversary concert of the rock group Republic in Budapest Sportar\u00e9na (Budapest Sport Arena). This was probably the first time her uniqueness was noted by her peers \u2013 the enormous power of her solo dance could fill a stage as massive as that of Budapest Sportar\u00e9na and mesmerize the audience. The rock band \u201cRepublic\u201d had the choreographies recorded and published on their own DVD.<\/p>\n<p>Even though the artist was quite &#8220;young&#8221; in terms of number of years she had spent on stage, Duna TV was convinced by the authenticity of her unique and fresh choreographies and decided to make a portrait documentary about her. This documentary proved to be a huge success and brought fame for the artist. In 2012 she could demonstrate her ability to create her own, individual, fresh choreographies when performing solo dances on the stage of the Palace of Arts in the framework of the Szakcsi World Jazz Project. She shared the stage with Grammy winners Terri Lyne Carrington and Tony Lakatos and Kossuth Award winner B\u00e9la Szakcsi Lakatos. At this event, Edina Ker\u00e9kgy\u00e1rt\u00f3 probably reached the peak of her professional career \u2013 and in a very short time, at that \u2013 by creating a brand new dance style.<\/p>\n<h3>2005<\/h3>\n<ul>\n<li>Opening of the exhibition of the sculptor B\u00e9la F\u00fck\u0151, Rodin Gallery, Szentendre<\/li>\n<li>Opening of the exhibition of the painter Ari Magyar, Klebelsberg Kult\u00fark\u00faria (Klebelsberg Mansion of Culture, Budapest)<\/li>\n<\/ul>\n<h3>2007<\/h3>\n<p>Concert Theatre<\/p>\n<ul>\n<li>Opening of the Anniversary Concert of the folk group Kormor\u00e1n, K\u00f6rcsarnok, Budapest<\/li>\n<\/ul>\n<p>Invited by Gergely Koltay, founder of Kormor\u00e1n<\/p>\n<ul>\n<li>Opening of the Anniversary Concert of the rock group Republic, Papp L\u00e1szl\u00f3 Budapest Sport Arena<\/li>\n<\/ul>\n<p>Invited by L\u00e1szl\u00f3 &#8220;Cip\u0151&#8221; (Shoe) B\u00f3di, lead singer of Republic<\/p>\n<ul>\n<li>Tour with Republic in the same year: Eger (Hungary), Tihanyi Szabadt\u00e9ri J\u00e1t\u00e9kok (Open Air Art Festival of Tihany, Hungary), Targu Mures (Romania), Kisv\u00e1rdai Sz\u00ednh\u00e1zi Napok (Theatre Days of Kisv\u00e1rda, Hungary), etc.<\/li>\n<li>From 2007, permanent member as a dancing artist of Buket &#8211; Budai K\u00e9pz\u0151m\u0171v\u00e9sz Egyes\u00fclet (Buket \u2013 Fine Arts Association of Buda) and Kam\u00e9leon Club<\/li>\n<li>2nd Chat Festival \u2013 Klebelsberg Kult\u00fark\u00faria (Klebelsberg Mansion of Culture, Budapest)<\/li>\n<li>Tavaszi Fesztiv\u00e1l (Budapest Spring Festival) \u2013 Fringe \u2013 Millen\u00e1ris Park<\/li>\n<li>Budapest Television \u2013 \u201dDance Artist of the Year\u201d Award<\/li>\n<li>From 2007, regular performer as a dance artist at Benke Etka Yoga events<\/li>\n<\/ul>\n<h3>2008:<\/h3>\n<ul>\n<li>Invited by Kod\u00e1ly Zolt\u00e1n Men\u2019s Chorus for a joint production directed by J\u00f3zsef Rauly, broadcast by Echo TV: Cig\u00e1nyvar\u00e1zs (Gipsy Magic), a show in the programme \u201cBridge between the Hungarian and Roma cultures\u201d<\/li>\n<li>Opening of the Anniversary Concert of the world music group &#8220;V\u00e1gt\u00e1z\u00f3\u00a0Csodaszarvas&#8221;, Pet\u0151fi Csarnok (Pet\u0151fi Hall), Budapest<\/li>\n<li>5th Hungarian World Ball, joint performance with the singer Lilla Vincze: Grand Hotel Hung\u00e1ria<\/li>\n<li>Concert in the Church of Ter\u00e9zv\u00e1ros (Budapest, District 6) invited Lilla Vincze<\/li>\n<li>F\u00e9szek Klub \u2013 Solo Show with the composer S\u00e1ndor Fekete-Kiss<\/li>\n<li>Bethesda Charity Evening \u2013 Hotel Intercontinental<\/li>\n<\/ul>\n<h3>2009:<\/h3>\n<ul>\n<li>Joint production with Rajk\u00f3 M\u0171v\u00e9szegy\u00fcttes (\u201cRajk\u00f3\u201d Art Ensemble) \u2013 invited by the director Istv\u00e1n Gerend\u00e1si Templomkerti Est\u00e9k (Churchyard Evenings) \u2013 M\u00e1riaremete, Budapest<\/li>\n<li>Crowning of the Wine Queen in Egersz\u00f3l\u00e1t \u2013 dance show<\/li>\n<li>Opening of the exhibition of the painter Ari Magyar, Klebelsberg Kult\u00fark\u00faria (Klebelsberg Mansion of Culture, Budapest)<\/li>\n<\/ul>\n<h3>2010:<\/h3>\n<ul>\n<li>Exhibition opening, invited by Classical Artists Worldwide \u2013 BM Duna Palota<\/li>\n<li>Opening of the painting exhibition \u201dEgyptian Paintings in Budapest\u201d, Klebelsberg Kult\u00fark\u00faria (Klebelsberg Mansion of Culture, Budapest) \u2013 Patron of the event: His Excellency Aly El-Hefny<\/li>\n<\/ul>\n<h3>2011<\/h3>\n<ul>\n<li>Performing the choreography Cig\u00e1nyhimnusz (Gypsy Anthem) in the Gipsy quarter \u201dH\u00e9tes\u201d (\u00d3zd); invited by the documentary film maker Kriszta B\u00f3dis<\/li>\n<li>Duna TV made a portrait documentary about my professional credo and choreographies, shooting the choreographies at outdoor locations, under the title \u2019Isten kez\u00e9ben\u2019 (In the Hands of God)<\/li>\n<\/ul>\n<h3>2012<\/h3>\n<ul>\n<li>Performing the solo dance choreography Cig\u00e1nyhimnusz (Gypsy Anthem) in M\u0171v\u00e9szetek Palot\u00e1ja (Palace of Arts, Hungary), in the framework of Szakcsi World Jazz Project, invited by the Kossuth Award winner piano player B\u00e9la Szakcsi Lakatos. The show was performed for the live music of Grammy winner Terri Lyne Carrington, Anthony Cox, Amit Chatterjee, Ikhlaq Hussian, Tony Lakatos, M\u00f3nika Rost\u00e1s, M\u00f3nika Miczura and Csaba Rost\u00e1s.<\/li>\n<li>Documentary with interviews in Kultikon, the art programme of Duna TV. I was invited by the director Judit Keser\u0171. The documentary highlighted my achievements in contemporary Gipsy dances and included a live dance show.<\/li>\n<li>Performing the dance choreography Cig\u00e1nyhimnusz (Gypsy Anthem) at the launch of a book by Menyh\u00e9rt Lakatos, invited by \u00c9va Lakatos, sharing the stage among others with the poet J\u00f3zsef Choli Dar\u00f3czi and the Kossuth Award winner painter Istv\u00e1n Szentandr\u00e1ssy<\/li>\n<\/ul>\n<h3>2013<\/h3>\n<ul>\n<li>Solo dance show in J\u00e1szber\u00e9ny to advertise my mission &#8220;T\u00e1nccal az Elfogad\u00e1s\u00e9rt&#8221; (For Acceptance by Dance), performing sacral Hungarian dances together with contemporary gypsy ones and the \u2019mandatory\u2019 Cig\u00e1nyhimnusz (Gypsy Anthem) choreography<\/li>\n<li>Performing a solo dance for the music video of Lilla Vincze and Xavier Rivadeneira in the G\u00f6d\u00f6ll\u0151 Palace<\/li>\n<\/ul>\n<h3>2014<\/h3>\n<ul>\n<li>Opening of the exhibition of the painter Barbara B\u00f3di\u00a0 \u2013 Mad\u00e1ch Theatre<\/li>\n<li>by Anik\u00f3 L\u00e9vai, Goodwill Ambassador of\u00a0a Magyar \u00d6kumenikus Seg\u00e9lyszervezet (Hungarian Interchurch Aid) Kossuth Award winner and J\u00e1szai Mari Award winner Director of Theatre and director Tam\u00e1s Szirtes<\/li>\n<\/ul>\n<p>&nbsp;","protected":false},"excerpt":{"rendered":"<p>&#8220;By her very own dance choreographies she established a new style in the art of dancing: Edina Ker\u00e9kgy\u00e1rt\u00f3 created Sacral Hungarian Dance and Contemporary Gipsy Dance &#8211; Jazz Gypsy Dance. Reputed composers are keen to work with her as she claims the experience of internalising music is a basic necessity for her. Her choreographies are [&hellip;]<\/p>\n","protected":false},"author":1,"featured_media":0,"parent":10,"menu_order":0,"comment_status":"closed","ping_status":"closed","template":"","meta":[],"yoast_head":"<!-- This site is optimized with the Yoast SEO plugin v15.0 - https:\/\/yoast.com\/wordpress\/plugins\/seo\/ -->\n<title>Major performances - Ker\u00e9kgy\u00e1rt\u00f3 Edina<\/title>\n<meta name=\"robots\" content=\"index, follow, max-snippet:-1, max-image-preview:large, max-video-preview:-1\" \/>\n<link rel=\"canonical\" href=\"http:\/\/kerekgyartoedina.hu\/magamrol\/jelentosebb-fellepesek\/\" \/>\n<meta property=\"og:locale\" content=\"en_US\" \/>\n<meta property=\"og:type\" content=\"article\" \/>\n<meta property=\"og:title\" content=\"[:hu]Jelent\u0151sebb fell\u00e9p\u00e9sek[:en]Major performances[:] - Ker\u00e9kgy\u00e1rt\u00f3 Edina\" \/>\n<meta property=\"og:description\" content=\"&#8220;By her very own dance choreographies she established a new style in the art of dancing: Edina Ker\u00e9kgy\u00e1rt\u00f3 created Sacral Hungarian Dance and Contemporary Gipsy Dance &#8211; Jazz Gypsy Dance. Reputed composers are keen to work with her as she claims the experience of internalising music is a basic necessity for her. Her choreographies are [&hellip;]\" \/>\n<meta property=\"og:url\" content=\"http:\/\/kerekgyartoedina.hu\/magamrol\/jelentosebb-fellepesek\/\" \/>\n<meta property=\"og:site_name\" content=\"Ker\u00e9kgy\u00e1rt\u00f3 Edina\" \/>\n<meta property=\"article:modified_time\" content=\"2016-10-09T20:25:00+00:00\" \/>\n<meta property=\"og:image\" content=\"http:\/\/kerekgyartoedina.hu\/wp-content\/uploads\/2016\/06\/fellep1.png\" \/>\n<meta name=\"twitter:card\" content=\"summary\" \/>\n<script type=\"application\/ld+json\" class=\"yoast-schema-graph\">{\"@context\":\"https:\/\/schema.org\",\"@graph\":[{\"@type\":\"WebSite\",\"@id\":\"https:\/\/kerekgyartoedina.hu\/en\/#website\",\"url\":\"https:\/\/kerekgyartoedina.hu\/en\/\",\"name\":\"Ker\\u00e9kgy\\u00e1rt\\u00f3 Edina\",\"description\":\"Dancer\",\"potentialAction\":[{\"@type\":\"SearchAction\",\"target\":\"https:\/\/kerekgyartoedina.hu\/en\/?s={search_term_string}\",\"query-input\":\"required name=search_term_string\"}],\"inLanguage\":\"en-US\"},{\"@type\":\"ImageObject\",\"@id\":\"http:\/\/kerekgyartoedina.hu\/magamrol\/jelentosebb-fellepesek\/#primaryimage\",\"inLanguage\":\"en-US\",\"url\":\"http:\/\/kerekgyartoedina.hu\/wp-content\/uploads\/2016\/06\/fellep1.png\"},{\"@type\":\"WebPage\",\"@id\":\"http:\/\/kerekgyartoedina.hu\/magamrol\/jelentosebb-fellepesek\/#webpage\",\"url\":\"http:\/\/kerekgyartoedina.hu\/magamrol\/jelentosebb-fellepesek\/\",\"name\":\"[:hu]Jelent\\u0151sebb fell\\u00e9p\\u00e9sek[:en]Major performances[:] - Ker\\u00e9kgy\\u00e1rt\\u00f3 Edina\",\"isPartOf\":{\"@id\":\"https:\/\/kerekgyartoedina.hu\/en\/#website\"},\"primaryImageOfPage\":{\"@id\":\"http:\/\/kerekgyartoedina.hu\/magamrol\/jelentosebb-fellepesek\/#primaryimage\"},\"datePublished\":\"2016-06-17T13:07:00+00:00\",\"dateModified\":\"2016-10-09T20:25:00+00:00\",\"inLanguage\":\"en-US\",\"potentialAction\":[{\"@type\":\"ReadAction\",\"target\":[\"http:\/\/kerekgyartoedina.hu\/magamrol\/jelentosebb-fellepesek\/\"]}]}]}<\/script>\n<!-- \/ Yoast SEO plugin. -->","_links":{"self":[{"href":"https:\/\/kerekgyartoedina.hu\/en\/wp-json\/wp\/v2\/pages\/34"}],"collection":[{"href":"https:\/\/kerekgyartoedina.hu\/en\/wp-json\/wp\/v2\/pages"}],"about":[{"href":"https:\/\/kerekgyartoedina.hu\/en\/wp-json\/wp\/v2\/types\/page"}],"author":[{"embeddable":true,"href":"https:\/\/kerekgyartoedina.hu\/en\/wp-json\/wp\/v2\/users\/1"}],"replies":[{"embeddable":true,"href":"https:\/\/kerekgyartoedina.hu\/en\/wp-json\/wp\/v2\/comments?post=34"}],"version-history":[{"count":6,"href":"https:\/\/kerekgyartoedina.hu\/en\/wp-json\/wp\/v2\/pages\/34\/revisions"}],"predecessor-version":[{"id":313,"href":"https:\/\/kerekgyartoedina.hu\/en\/wp-json\/wp\/v2\/pages\/34\/revisions\/313"}],"up":[{"embeddable":true,"href":"https:\/\/kerekgyartoedina.hu\/en\/wp-json\/wp\/v2\/pages\/10"}],"wp:attachment":[{"href":"https:\/\/kerekgyartoedina.hu\/en\/wp-json\/wp\/v2\/media?parent=34"}],"curies":[{"name":"wp","href":"https:\/\/api.w.org\/{rel}","templated":true}]}}