{"id":36,"date":"2016-06-17T13:07:16","date_gmt":"2016-06-17T13:07:16","guid":{"rendered":"http:\/\/kerekgyartoedina.hu\/?page_id=36"},"modified":"2016-10-09T22:19:42","modified_gmt":"2016-10-09T20:19:42","slug":"nyelvismeret","status":"publish","type":"page","link":"https:\/\/kerekgyartoedina.hu\/en\/magamrol\/nyelvismeret\/","title":{"rendered":"Languages"},"content":{"rendered":"<img loading=\"lazy\" class=\"alignright size-full wp-image-163\" src=\"http:\/\/kerekgyartoedina.hu\/wp-content\/uploads\/2016\/06\/bio_nyelv.png\" alt=\"bio_nyelv\" width=\"365\" height=\"479\" srcset=\"https:\/\/kerekgyartoedina.hu\/wp-content\/uploads\/2016\/06\/bio_nyelv.png 365w, https:\/\/kerekgyartoedina.hu\/wp-content\/uploads\/2016\/06\/bio_nyelv-229x300.png 229w\" sizes=\"(max-width: 365px) 100vw, 365px\" \/><\/p>\n<h3>English<\/h3>\n<ul>\n<li>Cambridge PET Certificate<\/li>\n<li>Cambridge First Certificate \u2013 intermediate level<\/li>\n<li>English for Professional Purposes, State Language Examination, intermediate level (KITEX Language Centre)<\/li>\n<\/ul>\n<h3><strong>German<\/strong><\/h3>\n<ul>\n<li>basic skills<\/li>\n<\/ul>","protected":false},"excerpt":{"rendered":"<p>English Cambridge PET Certificate Cambridge First Certificate \u2013 intermediate level English for Professional Purposes, State Language Examination, intermediate level (KITEX Language Centre) German basic skills<\/p>\n","protected":false},"author":1,"featured_media":0,"parent":10,"menu_order":0,"comment_status":"closed","ping_status":"closed","template":"","meta":[],"yoast_head":"<!-- This site is optimized with the Yoast SEO plugin v15.0 - https:\/\/yoast.com\/wordpress\/plugins\/seo\/ -->\n<title>Languages - Ker\u00e9kgy\u00e1rt\u00f3 Edina<\/title>\n<meta name=\"robots\" content=\"index, follow, max-snippet:-1, max-image-preview:large, max-video-preview:-1\" \/>\n<link rel=\"canonical\" href=\"http:\/\/kerekgyartoedina.hu\/magamrol\/nyelvismeret\/\" \/>\n<meta property=\"og:locale\" content=\"en_US\" \/>\n<meta property=\"og:type\" content=\"article\" \/>\n<meta property=\"og:title\" content=\"[:hu]Nyelvismeret[:en]Languages[:] - Ker\u00e9kgy\u00e1rt\u00f3 Edina\" \/>\n<meta property=\"og:description\" content=\"English Cambridge PET Certificate Cambridge First Certificate \u2013 intermediate level English for Professional Purposes, State Language Examination, intermediate level (KITEX Language Centre) German basic skills\" \/>\n<meta property=\"og:url\" content=\"http:\/\/kerekgyartoedina.hu\/magamrol\/nyelvismeret\/\" \/>\n<meta property=\"og:site_name\" content=\"Ker\u00e9kgy\u00e1rt\u00f3 Edina\" \/>\n<meta property=\"article:modified_time\" content=\"2016-10-09T20:19:42+00:00\" \/>\n<meta property=\"og:image\" content=\"http:\/\/kerekgyartoedina.hu\/wp-content\/uploads\/2016\/06\/bio_nyelv.png\" \/>\n<meta name=\"twitter:card\" content=\"summary\" \/>\n<script type=\"application\/ld+json\" class=\"yoast-schema-graph\">{\"@context\":\"https:\/\/schema.org\",\"@graph\":[{\"@type\":\"WebSite\",\"@id\":\"https:\/\/kerekgyartoedina.hu\/en\/#website\",\"url\":\"https:\/\/kerekgyartoedina.hu\/en\/\",\"name\":\"Ker\\u00e9kgy\\u00e1rt\\u00f3 Edina\",\"description\":\"Dancer\",\"potentialAction\":[{\"@type\":\"SearchAction\",\"target\":\"https:\/\/kerekgyartoedina.hu\/en\/?s={search_term_string}\",\"query-input\":\"required name=search_term_string\"}],\"inLanguage\":\"en-US\"},{\"@type\":\"ImageObject\",\"@id\":\"http:\/\/kerekgyartoedina.hu\/magamrol\/nyelvismeret\/#primaryimage\",\"inLanguage\":\"en-US\",\"url\":\"http:\/\/kerekgyartoedina.hu\/wp-content\/uploads\/2016\/06\/bio_nyelv.png\"},{\"@type\":\"WebPage\",\"@id\":\"http:\/\/kerekgyartoedina.hu\/magamrol\/nyelvismeret\/#webpage\",\"url\":\"http:\/\/kerekgyartoedina.hu\/magamrol\/nyelvismeret\/\",\"name\":\"[:hu]Nyelvismeret[:en]Languages[:] - Ker\\u00e9kgy\\u00e1rt\\u00f3 Edina\",\"isPartOf\":{\"@id\":\"https:\/\/kerekgyartoedina.hu\/en\/#website\"},\"primaryImageOfPage\":{\"@id\":\"http:\/\/kerekgyartoedina.hu\/magamrol\/nyelvismeret\/#primaryimage\"},\"datePublished\":\"2016-06-17T13:07:16+00:00\",\"dateModified\":\"2016-10-09T20:19:42+00:00\",\"inLanguage\":\"en-US\",\"potentialAction\":[{\"@type\":\"ReadAction\",\"target\":[\"http:\/\/kerekgyartoedina.hu\/magamrol\/nyelvismeret\/\"]}]}]}<\/script>\n<!-- \/ Yoast SEO plugin. -->","_links":{"self":[{"href":"https:\/\/kerekgyartoedina.hu\/en\/wp-json\/wp\/v2\/pages\/36"}],"collection":[{"href":"https:\/\/kerekgyartoedina.hu\/en\/wp-json\/wp\/v2\/pages"}],"about":[{"href":"https:\/\/kerekgyartoedina.hu\/en\/wp-json\/wp\/v2\/types\/page"}],"author":[{"embeddable":true,"href":"https:\/\/kerekgyartoedina.hu\/en\/wp-json\/wp\/v2\/users\/1"}],"replies":[{"embeddable":true,"href":"https:\/\/kerekgyartoedina.hu\/en\/wp-json\/wp\/v2\/comments?post=36"}],"version-history":[{"count":7,"href":"https:\/\/kerekgyartoedina.hu\/en\/wp-json\/wp\/v2\/pages\/36\/revisions"}],"predecessor-version":[{"id":312,"href":"https:\/\/kerekgyartoedina.hu\/en\/wp-json\/wp\/v2\/pages\/36\/revisions\/312"}],"up":[{"embeddable":true,"href":"https:\/\/kerekgyartoedina.hu\/en\/wp-json\/wp\/v2\/pages\/10"}],"wp:attachment":[{"href":"https:\/\/kerekgyartoedina.hu\/en\/wp-json\/wp\/v2\/media?parent=36"}],"curies":[{"name":"wp","href":"https:\/\/api.w.org\/{rel}","templated":true}]}}