{"id":38,"date":"2016-06-17T13:07:34","date_gmt":"2016-06-17T13:07:34","guid":{"rendered":"http:\/\/kerekgyartoedina.hu\/?page_id=38"},"modified":"2016-10-09T22:27:07","modified_gmt":"2016-10-09T20:27:07","slug":"szakmai-dijak","status":"publish","type":"page","link":"https:\/\/kerekgyartoedina.hu\/en\/magamrol\/szakmai-dijak\/","title":{"rendered":"RECOGNITIONS"},"content":{"rendered":"<img class=\"alignright\" src=\"http:\/\/www.kerekgyartoedina.hu\/images\/szakmai.png\" alt=\"szakmai\" \/><\/p>\n<h3>2007<\/h3>\n<ul>\n<li>5th &#8220;Berczik S\u00e1ra&#8221; National Dance Contest \u2013 1st place: Modern Solo Dance<\/li>\n<li>4th\u00a0 &#8220;Sir\u00e1ly&#8221; International Dance Festival \u2013 Special Award: Contemporary Solo Dance<\/li>\n<\/ul>\n<h3>2008<\/h3>\n<ul>\n<li>16th National Festival for Adult Dance Artists \u2013 2nd place: Contemporary Solo Dance<\/li>\n<li>5th\u00a0 &#8220;Sir\u00e1ly&#8221; International Dance Festival \u2013 Special Award: Contemporary Solo Dance<\/li>\n<\/ul>\n<h3>2009<\/h3>\n<ul>\n<li>Transit International Festival for Dance Artists &#8211; Special Award: Contemporary Gypsy Dance<\/li>\n<\/ul>\n<h3>2010<\/h3>\n<ul>\n<li>8th &#8220;Berczik S\u00e1ra&#8221; National Dance Contest \u2013 Special Award: Modern Solo Dance<\/li>\n<li>Es\u00e9ly a M\u0171v\u00e9szetre (Chance for Art) International Dance Festival \u2013 1s place,: Russian Gypsy Dance, Solo<\/li>\n<li>International Federation of Modern Dance Sports \u2013 Hungarian Open \u2013 1st place: Folk category: Contemporary Gypsy Dance; 2nd place: Show Dance Category: Russian Gypsy Dance<\/li>\n<li>7th \u201dSir\u00e1ly\u201d International Dance Festival \u2013 1st place: Contemporary Gypsy Dance<\/li>\n<\/ul>\n<h3>2011<\/h3>\n<ul>\n<li>8th \u201dSir\u00e1ly\u201d International Dance Festival \u2013 Special Award: Contemporary Dance, Contemporary Gypsy Dance<\/li>\n<\/ul>\n<p>&nbsp;","protected":false},"excerpt":{"rendered":"<p>2007 5th &#8220;Berczik S\u00e1ra&#8221; National Dance Contest \u2013 1st place: Modern Solo Dance 4th\u00a0 &#8220;Sir\u00e1ly&#8221; International Dance Festival \u2013 Special Award: Contemporary Solo Dance 2008 16th National Festival for Adult Dance Artists \u2013 2nd place: Contemporary Solo Dance 5th\u00a0 &#8220;Sir\u00e1ly&#8221; International Dance Festival \u2013 Special Award: Contemporary Solo Dance 2009 Transit International Festival for Dance [&hellip;]<\/p>\n","protected":false},"author":1,"featured_media":0,"parent":10,"menu_order":0,"comment_status":"closed","ping_status":"closed","template":"","meta":[],"yoast_head":"<!-- This site is optimized with the Yoast SEO plugin v15.0 - https:\/\/yoast.com\/wordpress\/plugins\/seo\/ -->\n<title>RECOGNITIONS - Ker\u00e9kgy\u00e1rt\u00f3 Edina<\/title>\n<meta name=\"robots\" content=\"index, follow, max-snippet:-1, max-image-preview:large, max-video-preview:-1\" \/>\n<link rel=\"canonical\" href=\"http:\/\/kerekgyartoedina.hu\/magamrol\/szakmai-dijak\/\" \/>\n<meta property=\"og:locale\" content=\"en_US\" \/>\n<meta property=\"og:type\" content=\"article\" \/>\n<meta property=\"og:title\" content=\"[:hu]Szakmai d\u00edjak[:en]RECOGNITIONS[:] - Ker\u00e9kgy\u00e1rt\u00f3 Edina\" \/>\n<meta property=\"og:description\" content=\"2007 5th &#8220;Berczik S\u00e1ra&#8221; National Dance Contest \u2013 1st place: Modern Solo Dance 4th\u00a0 &#8220;Sir\u00e1ly&#8221; International Dance Festival \u2013 Special Award: Contemporary Solo Dance 2008 16th National Festival for Adult Dance Artists \u2013 2nd place: Contemporary Solo Dance 5th\u00a0 &#8220;Sir\u00e1ly&#8221; International Dance Festival \u2013 Special Award: Contemporary Solo Dance 2009 Transit International Festival for Dance [&hellip;]\" \/>\n<meta property=\"og:url\" content=\"http:\/\/kerekgyartoedina.hu\/magamrol\/szakmai-dijak\/\" \/>\n<meta property=\"og:site_name\" content=\"Ker\u00e9kgy\u00e1rt\u00f3 Edina\" \/>\n<meta property=\"article:modified_time\" content=\"2016-10-09T20:27:07+00:00\" \/>\n<meta property=\"og:image\" content=\"http:\/\/kerekgyartoedina.hu\/wp-content\/uploads\/2016\/06\/szakmai.png\" \/>\n<meta name=\"twitter:card\" content=\"summary\" \/>\n<script type=\"application\/ld+json\" class=\"yoast-schema-graph\">{\"@context\":\"https:\/\/schema.org\",\"@graph\":[{\"@type\":\"WebSite\",\"@id\":\"https:\/\/kerekgyartoedina.hu\/en\/#website\",\"url\":\"https:\/\/kerekgyartoedina.hu\/en\/\",\"name\":\"Ker\\u00e9kgy\\u00e1rt\\u00f3 Edina\",\"description\":\"Dancer\",\"potentialAction\":[{\"@type\":\"SearchAction\",\"target\":\"https:\/\/kerekgyartoedina.hu\/en\/?s={search_term_string}\",\"query-input\":\"required name=search_term_string\"}],\"inLanguage\":\"en-US\"},{\"@type\":\"ImageObject\",\"@id\":\"http:\/\/kerekgyartoedina.hu\/magamrol\/szakmai-dijak\/#primaryimage\",\"inLanguage\":\"en-US\",\"url\":\"http:\/\/kerekgyartoedina.hu\/wp-content\/uploads\/2016\/06\/szakmai.png\"},{\"@type\":\"WebPage\",\"@id\":\"http:\/\/kerekgyartoedina.hu\/magamrol\/szakmai-dijak\/#webpage\",\"url\":\"http:\/\/kerekgyartoedina.hu\/magamrol\/szakmai-dijak\/\",\"name\":\"[:hu]Szakmai d\\u00edjak[:en]RECOGNITIONS[:] - Ker\\u00e9kgy\\u00e1rt\\u00f3 Edina\",\"isPartOf\":{\"@id\":\"https:\/\/kerekgyartoedina.hu\/en\/#website\"},\"primaryImageOfPage\":{\"@id\":\"http:\/\/kerekgyartoedina.hu\/magamrol\/szakmai-dijak\/#primaryimage\"},\"datePublished\":\"2016-06-17T13:07:34+00:00\",\"dateModified\":\"2016-10-09T20:27:07+00:00\",\"inLanguage\":\"en-US\",\"potentialAction\":[{\"@type\":\"ReadAction\",\"target\":[\"http:\/\/kerekgyartoedina.hu\/magamrol\/szakmai-dijak\/\"]}]}]}<\/script>\n<!-- \/ Yoast SEO plugin. -->","_links":{"self":[{"href":"https:\/\/kerekgyartoedina.hu\/en\/wp-json\/wp\/v2\/pages\/38"}],"collection":[{"href":"https:\/\/kerekgyartoedina.hu\/en\/wp-json\/wp\/v2\/pages"}],"about":[{"href":"https:\/\/kerekgyartoedina.hu\/en\/wp-json\/wp\/v2\/types\/page"}],"author":[{"embeddable":true,"href":"https:\/\/kerekgyartoedina.hu\/en\/wp-json\/wp\/v2\/users\/1"}],"replies":[{"embeddable":true,"href":"https:\/\/kerekgyartoedina.hu\/en\/wp-json\/wp\/v2\/comments?post=38"}],"version-history":[{"count":5,"href":"https:\/\/kerekgyartoedina.hu\/en\/wp-json\/wp\/v2\/pages\/38\/revisions"}],"predecessor-version":[{"id":314,"href":"https:\/\/kerekgyartoedina.hu\/en\/wp-json\/wp\/v2\/pages\/38\/revisions\/314"}],"up":[{"embeddable":true,"href":"https:\/\/kerekgyartoedina.hu\/en\/wp-json\/wp\/v2\/pages\/10"}],"wp:attachment":[{"href":"https:\/\/kerekgyartoedina.hu\/en\/wp-json\/wp\/v2\/media?parent=38"}],"curies":[{"name":"wp","href":"https:\/\/api.w.org\/{rel}","templated":true}]}}