{"id":40,"date":"2016-06-17T13:08:39","date_gmt":"2016-06-17T13:08:39","guid":{"rendered":"http:\/\/kerekgyartoedina.hu\/?page_id=40"},"modified":"2016-10-09T21:43:43","modified_gmt":"2016-10-09T19:43:43","slug":"kortars-modern-tanc","status":"publish","type":"page","link":"https:\/\/kerekgyartoedina.hu\/en\/repertoar\/kortars-modern-tanc\/","title":{"rendered":"Contemporary dance"},"content":{"rendered":"For me, contemporary dance means self-expression: experiencing the music internally and then expressing it through movement, making it visual.<\/p>\n<p>Mastering the basic contemporary dance techniques (Lim\u00f3n, Graham, Art Jazz, and other techniques) are only tools in our hands, which give us \u2018crutches\u2019 for self-expression, BUT the emphasis is not on contemporary dance techniques in case of a choreography, but on becoming imbued with it.<\/p>\n<p>In my contemporary dance choreographies, self-expression is emphasised, along with living with the music and expressing it visually.<\/p>\n<hr \/>\n<div class=\"row\">\n<div class=\"col-md-6\">\n<p><iframe width=\"500\" height=\"375\" src=\"https:\/\/www.youtube.com\/embed\/R48weLgHFrc?feature=oembed&amp;wmode=opaque\" frameborder=\"0\" allowfullscreen><\/iframe><\/p>\n<p><strong>In memory of the victims of the Holocaust<\/strong><br \/>\n<strong>The dance choreography entitled \u201cTrain\u201d, contemporary dance. <\/strong><br \/>\n<strong>Music: B\u00e9la Szakcsi Lakatos<\/strong><br \/>\n<\/div>\n<div class=\"col-md-6\">\n<p><iframe width=\"500\" height=\"375\" src=\"https:\/\/www.youtube.com\/embed\/HD3L-cWCJUQ?feature=oembed&amp;wmode=opaque\" frameborder=\"0\" allowfullscreen><\/iframe><\/p>\n<p><strong>S\u00e1ra Berczik Memorial Competition<br \/>\nDance choreography entitled \u201cChange\u201d, contemporary dance category:<br \/>\nSpecial prize. Music: Peter Gabriel<\/strong><br \/>\n<\/div>\n<\/div>\n<div class=\"row\">\n<div class=\"col-md-6\">\n<p><iframe width=\"500\" height=\"375\" src=\"https:\/\/www.youtube.com\/embed\/GSuTf4LC-rg?feature=oembed&amp;wmode=opaque\" frameborder=\"0\" allowfullscreen><\/iframe><\/p>\n<p><strong>Dance choreography entitled \u201cI cannot find you anywhere\u201d<br \/>\nContemporary dance and concert theatre<br \/>\nMusic: Quimby.<\/strong><br \/>\n<\/div>\n<div class=\"col-md-6\">\n<p><iframe width=\"500\" height=\"375\" src=\"https:\/\/www.youtube.com\/embed\/B-Hr7aY0ib4?feature=oembed&amp;wmode=opaque\" frameborder=\"0\" allowfullscreen><\/iframe><\/p>\n<p><strong>Dance choreography entitled \u201cInner child\u201d<br \/>\nmodern dance and contemporary dance<br \/>\nMusic: S\u00e1ndor Fekete-Kiss.<\/strong><br \/>\n<\/div>\n<\/div>\n<hr id=\"ajanlatkeres\" \/>\n<h2>Request a performance<\/h2>\n<div role=\"form\" class=\"wpcf7\" id=\"wpcf7-f275-o2\" lang=\"hu-HU\" dir=\"ltr\">\n<div class=\"screen-reader-response\" role=\"alert\" aria-live=\"polite\"><\/div>\n<form action=\"\/en\/wp-json\/wp\/v2\/pages\/40#wpcf7-f275-o2\" method=\"post\" class=\"wpcf7-form init\" novalidate=\"novalidate\">\n<div style=\"display: none;\">\n<input type=\"hidden\" name=\"_wpcf7\" value=\"275\" \/>\n<input type=\"hidden\" name=\"_wpcf7_version\" value=\"5.2.2\" \/>\n<input type=\"hidden\" name=\"_wpcf7_locale\" value=\"hu_HU\" \/>\n<input type=\"hidden\" name=\"_wpcf7_unit_tag\" value=\"wpcf7-f275-o2\" \/>\n<input type=\"hidden\" name=\"_wpcf7_container_post\" value=\"0\" \/>\n<input type=\"hidden\" name=\"_wpcf7_posted_data_hash\" value=\"\" \/>\n<\/div>\n<p><span class=\"wpcf7-form-control-wrap your-name\"><input type=\"text\" name=\"your-name\" value=\"\" size=\"40\" class=\"wpcf7-form-control wpcf7-text wpcf7-validates-as-required\" aria-required=\"true\" aria-invalid=\"false\" placeholder=\"Your name\" \/><\/span> <\/p>\n<p><span class=\"wpcf7-form-control-wrap your-email\"><input type=\"email\" name=\"your-email\" value=\"\" size=\"40\" class=\"wpcf7-form-control wpcf7-text wpcf7-email wpcf7-validates-as-required wpcf7-validates-as-email\" aria-required=\"true\" aria-invalid=\"false\" placeholder=\"Your email address\" \/><\/span> <\/p>\n<p><span class=\"wpcf7-form-control-wrap your-phone\"><input type=\"text\" name=\"your-phone\" value=\"\" size=\"40\" class=\"wpcf7-form-control wpcf7-text wpcf7-validates-as-required\" aria-required=\"true\" aria-invalid=\"false\" placeholder=\"Your phone number\" \/><\/span> <\/p>\n<p><span class=\"wpcf7-form-control-wrap your-message\"><textarea name=\"your-message\" cols=\"40\" rows=\"10\" class=\"wpcf7-form-control wpcf7-textarea wpcf7-validates-as-required\" aria-required=\"true\" aria-invalid=\"false\" placeholder=\"Message\"><\/textarea><\/span> <\/p>\n<p><input type=\"submit\" value=\"Submit\" class=\"wpcf7-form-control wpcf7-submit\" \/><\/p>\n<div class=\"wpcf7-response-output\" role=\"alert\" aria-hidden=\"true\"><\/div><\/form><\/div>","protected":false},"excerpt":{"rendered":"<p>For me, contemporary dance means self-expression: experiencing the music internally and then expressing it through movement, making it visual. Mastering the basic contemporary dance techniques (Lim\u00f3n, Graham, Art Jazz, and other techniques) are only tools in our hands, which give us \u2018crutches\u2019 for self-expression, BUT the emphasis is not on contemporary dance techniques in case [&hellip;]<\/p>\n","protected":false},"author":1,"featured_media":0,"parent":14,"menu_order":0,"comment_status":"closed","ping_status":"closed","template":"","meta":[],"yoast_head":"<!-- This site is optimized with the Yoast SEO plugin v15.0 - https:\/\/yoast.com\/wordpress\/plugins\/seo\/ -->\n<title>Contemporary dance - Ker\u00e9kgy\u00e1rt\u00f3 Edina<\/title>\n<meta name=\"robots\" content=\"index, follow, max-snippet:-1, max-image-preview:large, max-video-preview:-1\" \/>\n<link rel=\"canonical\" href=\"http:\/\/kerekgyartoedina.hu\/repertoar\/kortars-modern-tanc\/\" \/>\n<meta property=\"og:locale\" content=\"en_US\" \/>\n<meta property=\"og:type\" content=\"article\" \/>\n<meta property=\"og:title\" content=\"[:hu]Kort\u00e1rs modern t\u00e1nc[:en]Contemporary dance[:] - Ker\u00e9kgy\u00e1rt\u00f3 Edina\" \/>\n<meta property=\"og:description\" content=\"For me, contemporary dance means self-expression: experiencing the music internally and then expressing it through movement, making it visual. Mastering the basic contemporary dance techniques (Lim\u00f3n, Graham, Art Jazz, and other techniques) are only tools in our hands, which give us \u2018crutches\u2019 for self-expression, BUT the emphasis is not on contemporary dance techniques in case [&hellip;]\" \/>\n<meta property=\"og:url\" content=\"http:\/\/kerekgyartoedina.hu\/repertoar\/kortars-modern-tanc\/\" \/>\n<meta property=\"og:site_name\" content=\"Ker\u00e9kgy\u00e1rt\u00f3 Edina\" \/>\n<meta property=\"article:modified_time\" content=\"2016-10-09T19:43:43+00:00\" \/>\n<meta name=\"twitter:card\" content=\"summary\" \/>\n<script type=\"application\/ld+json\" class=\"yoast-schema-graph\">{\"@context\":\"https:\/\/schema.org\",\"@graph\":[{\"@type\":\"WebSite\",\"@id\":\"https:\/\/kerekgyartoedina.hu\/en\/#website\",\"url\":\"https:\/\/kerekgyartoedina.hu\/en\/\",\"name\":\"Ker\\u00e9kgy\\u00e1rt\\u00f3 Edina\",\"description\":\"Dancer\",\"potentialAction\":[{\"@type\":\"SearchAction\",\"target\":\"https:\/\/kerekgyartoedina.hu\/en\/?s={search_term_string}\",\"query-input\":\"required name=search_term_string\"}],\"inLanguage\":\"en-US\"},{\"@type\":\"WebPage\",\"@id\":\"http:\/\/kerekgyartoedina.hu\/repertoar\/kortars-modern-tanc\/#webpage\",\"url\":\"http:\/\/kerekgyartoedina.hu\/repertoar\/kortars-modern-tanc\/\",\"name\":\"[:hu]Kort\\u00e1rs modern t\\u00e1nc[:en]Contemporary dance[:] - Ker\\u00e9kgy\\u00e1rt\\u00f3 Edina\",\"isPartOf\":{\"@id\":\"https:\/\/kerekgyartoedina.hu\/en\/#website\"},\"datePublished\":\"2016-06-17T13:08:39+00:00\",\"dateModified\":\"2016-10-09T19:43:43+00:00\",\"inLanguage\":\"en-US\",\"potentialAction\":[{\"@type\":\"ReadAction\",\"target\":[\"http:\/\/kerekgyartoedina.hu\/repertoar\/kortars-modern-tanc\/\"]}]}]}<\/script>\n<!-- \/ Yoast SEO plugin. -->","_links":{"self":[{"href":"https:\/\/kerekgyartoedina.hu\/en\/wp-json\/wp\/v2\/pages\/40"}],"collection":[{"href":"https:\/\/kerekgyartoedina.hu\/en\/wp-json\/wp\/v2\/pages"}],"about":[{"href":"https:\/\/kerekgyartoedina.hu\/en\/wp-json\/wp\/v2\/types\/page"}],"author":[{"embeddable":true,"href":"https:\/\/kerekgyartoedina.hu\/en\/wp-json\/wp\/v2\/users\/1"}],"replies":[{"embeddable":true,"href":"https:\/\/kerekgyartoedina.hu\/en\/wp-json\/wp\/v2\/comments?post=40"}],"version-history":[{"count":14,"href":"https:\/\/kerekgyartoedina.hu\/en\/wp-json\/wp\/v2\/pages\/40\/revisions"}],"predecessor-version":[{"id":300,"href":"https:\/\/kerekgyartoedina.hu\/en\/wp-json\/wp\/v2\/pages\/40\/revisions\/300"}],"up":[{"embeddable":true,"href":"https:\/\/kerekgyartoedina.hu\/en\/wp-json\/wp\/v2\/pages\/14"}],"wp:attachment":[{"href":"https:\/\/kerekgyartoedina.hu\/en\/wp-json\/wp\/v2\/media?parent=40"}],"curies":[{"name":"wp","href":"https:\/\/api.w.org\/{rel}","templated":true}]}}