{"id":42,"date":"2016-06-17T13:09:03","date_gmt":"2016-06-17T13:09:03","guid":{"rendered":"http:\/\/kerekgyartoedina.hu\/?page_id=42"},"modified":"2016-10-09T21:45:38","modified_gmt":"2016-10-09T19:45:38","slug":"kortars-cigany-tanc","status":"publish","type":"page","link":"https:\/\/kerekgyartoedina.hu\/en\/repertoar\/kortars-cigany-tanc\/","title":{"rendered":"Contemporary gipsy dance"},"content":{"rendered":"Both contemporary and not, both Gypsy and not&#8230; And yet this contemporary Gypsy dance style, which can be considered as new in Europe, found a way in me with elementary force. Art begins where, after 20 years of practising, you believe what you are doing.<\/p>\n<p>I am capable of dying for that one step. For that single step that is called Human Being. Now that is contemporary Gypsy dance: the Human Being itself.<\/p>\n<p>About contemporary Gipsy dance: a dance piece creates its own rules and takes its message while going on its own path.<\/p>\n<p>its message while going on its own path.<\/p>\n<p>I never meant to be an authentic Gypsy dancer and I never meant to be a jazz gypsy dancer either. The two labels combined have become mine.<\/p>\n<hr \/>\n<div class=\"row\">\n<div class=\"col-md-6\">\n<p><iframe width=\"500\" height=\"375\" src=\"https:\/\/www.youtube.com\/embed\/bzaCI24_E1c?feature=oembed&amp;wmode=opaque\" frameborder=\"0\" allowfullscreen><\/iframe><\/p>\n<p><strong>Dance choreography entitled \u201cNa dara\u201d<br \/>\nContemporary jazz gypsy dance<br \/>\nMusic: B\u00e9la Szakcsi Lakatos.<\/strong><br \/>\n<\/div>\n<div class=\"col-md-6\">\n<p><iframe width=\"500\" height=\"375\" src=\"https:\/\/www.youtube.com\/embed\/w6w-kdaW8HQ?feature=oembed&amp;wmode=opaque\" frameborder=\"0\" allowfullscreen><\/iframe><\/p>\n<p><strong>Dance choreography entitled \u201cIf I Could Be a Flower\u201d<br \/>\nContemporary Gypsy dance<br \/>\nMusic and lyrics: Bea Palya.<\/strong><br \/>\n<\/div>\n<\/div>\n<div class=\"row\">\n<div class=\"col-md-6\">\n<p><iframe width=\"500\" height=\"375\" src=\"https:\/\/www.youtube.com\/embed\/331tg4PRoQk?feature=oembed&amp;wmode=opaque\" frameborder=\"0\" allowfullscreen><\/iframe><\/p>\n<p><strong>Dance choreography entitled \u201cGypsy Anthem\u201d<\/strong><br \/>\n<strong> Contemporary Gypsy dance \u2013 \u201cSir\u00e1ly\u201d International Dance Festival &#8211; 1st place <\/strong><br \/>\n<strong>Music: Andro Drom<\/strong><br \/>\n<\/div>\n<div class=\"col-md-6\">\n<p><iframe width=\"500\" height=\"375\" src=\"https:\/\/www.youtube.com\/embed\/QN2mxN2qoX8?feature=oembed&amp;wmode=opaque\" frameborder=\"0\" allowfullscreen><\/iframe><\/p>\n<p><strong>Szakcsi World Jazz Gypsy Project \u2013 Dance choreography entitled \u201cGelem, Gelem\u201d, contemporary gypsy dance, Palace of Arts. Music: B\u00e9la Szakcsi Lakatos \u2013 piano, Reginald Veal (USA) \u2013 double bass, Terri Lyne Carrington (USA) \u2013 drums, Florin Niculescu (RO) \u2013 violin, Bireli Lagr\u00e8ne (F) \u2013 guitar, Ikhlaq Hussain (USA, India) \u2013 sitar, Amit Chatterjee \u2013 vocals, guitar; Miczura M\u00f3nika (Mitsoura) \u2013 vocals, Rost\u00e1s M\u00f3nika \u2013 vocals, Adittee Bhagwat (India) \u2013 authentic Indian dance, Rost\u00e1s Csaba \u2013 percussions, vocals.<\/strong><br \/>\n<\/div>\n<\/div>\n<hr id=\"ajanlatkeres\" \/>\n<h2>Request a performance<\/h2>\n<div role=\"form\" class=\"wpcf7\" id=\"wpcf7-f275-o2\" lang=\"hu-HU\" dir=\"ltr\">\n<div class=\"screen-reader-response\" role=\"alert\" aria-live=\"polite\"><\/div>\n<form action=\"\/en\/wp-json\/wp\/v2\/pages\/42#wpcf7-f275-o2\" method=\"post\" class=\"wpcf7-form init\" novalidate=\"novalidate\">\n<div style=\"display: none;\">\n<input type=\"hidden\" name=\"_wpcf7\" value=\"275\" \/>\n<input type=\"hidden\" name=\"_wpcf7_version\" value=\"5.2.2\" \/>\n<input type=\"hidden\" name=\"_wpcf7_locale\" value=\"hu_HU\" \/>\n<input type=\"hidden\" name=\"_wpcf7_unit_tag\" value=\"wpcf7-f275-o2\" \/>\n<input type=\"hidden\" name=\"_wpcf7_container_post\" value=\"0\" \/>\n<input type=\"hidden\" name=\"_wpcf7_posted_data_hash\" value=\"\" \/>\n<\/div>\n<p><span class=\"wpcf7-form-control-wrap your-name\"><input type=\"text\" name=\"your-name\" value=\"\" size=\"40\" class=\"wpcf7-form-control wpcf7-text wpcf7-validates-as-required\" aria-required=\"true\" aria-invalid=\"false\" placeholder=\"Your name\" \/><\/span> <\/p>\n<p><span class=\"wpcf7-form-control-wrap your-email\"><input type=\"email\" name=\"your-email\" value=\"\" size=\"40\" class=\"wpcf7-form-control wpcf7-text wpcf7-email wpcf7-validates-as-required wpcf7-validates-as-email\" aria-required=\"true\" aria-invalid=\"false\" placeholder=\"Your email address\" \/><\/span> <\/p>\n<p><span class=\"wpcf7-form-control-wrap your-phone\"><input type=\"text\" name=\"your-phone\" value=\"\" size=\"40\" class=\"wpcf7-form-control wpcf7-text wpcf7-validates-as-required\" aria-required=\"true\" aria-invalid=\"false\" placeholder=\"Your phone number\" \/><\/span> <\/p>\n<p><span class=\"wpcf7-form-control-wrap your-message\"><textarea name=\"your-message\" cols=\"40\" rows=\"10\" class=\"wpcf7-form-control wpcf7-textarea wpcf7-validates-as-required\" aria-required=\"true\" aria-invalid=\"false\" placeholder=\"Message\"><\/textarea><\/span> <\/p>\n<p><input type=\"submit\" value=\"Submit\" class=\"wpcf7-form-control wpcf7-submit\" \/><\/p>\n<div class=\"wpcf7-response-output\" role=\"alert\" aria-hidden=\"true\"><\/div><\/form><\/div>","protected":false},"excerpt":{"rendered":"<p>Both contemporary and not, both Gypsy and not&#8230; And yet this contemporary Gypsy dance style, which can be considered as new in Europe, found a way in me with elementary force. Art begins where, after 20 years of practising, you believe what you are doing. I am capable of dying for that one step. For [&hellip;]<\/p>\n","protected":false},"author":1,"featured_media":0,"parent":14,"menu_order":0,"comment_status":"closed","ping_status":"closed","template":"","meta":[],"yoast_head":"<!-- This site is optimized with the Yoast SEO plugin v15.0 - https:\/\/yoast.com\/wordpress\/plugins\/seo\/ -->\n<title>Contemporary gipsy dance - Ker\u00e9kgy\u00e1rt\u00f3 Edina<\/title>\n<meta name=\"robots\" content=\"index, follow, max-snippet:-1, max-image-preview:large, max-video-preview:-1\" \/>\n<link rel=\"canonical\" href=\"http:\/\/kerekgyartoedina.hu\/repertoar\/kortars-cigany-tanc\/\" \/>\n<meta property=\"og:locale\" content=\"en_US\" \/>\n<meta property=\"og:type\" content=\"article\" \/>\n<meta property=\"og:title\" content=\"[:hu]Kort\u00e1rs cig\u00e1ny t\u00e1nc[:en]Contemporary gipsy dance[:] - Ker\u00e9kgy\u00e1rt\u00f3 Edina\" \/>\n<meta property=\"og:description\" content=\"Both contemporary and not, both Gypsy and not&#8230; And yet this contemporary Gypsy dance style, which can be considered as new in Europe, found a way in me with elementary force. Art begins where, after 20 years of practising, you believe what you are doing. I am capable of dying for that one step. For [&hellip;]\" \/>\n<meta property=\"og:url\" content=\"http:\/\/kerekgyartoedina.hu\/repertoar\/kortars-cigany-tanc\/\" \/>\n<meta property=\"og:site_name\" content=\"Ker\u00e9kgy\u00e1rt\u00f3 Edina\" \/>\n<meta property=\"article:modified_time\" content=\"2016-10-09T19:45:38+00:00\" \/>\n<meta name=\"twitter:card\" content=\"summary\" \/>\n<script type=\"application\/ld+json\" class=\"yoast-schema-graph\">{\"@context\":\"https:\/\/schema.org\",\"@graph\":[{\"@type\":\"WebSite\",\"@id\":\"https:\/\/kerekgyartoedina.hu\/en\/#website\",\"url\":\"https:\/\/kerekgyartoedina.hu\/en\/\",\"name\":\"Ker\\u00e9kgy\\u00e1rt\\u00f3 Edina\",\"description\":\"Dancer\",\"potentialAction\":[{\"@type\":\"SearchAction\",\"target\":\"https:\/\/kerekgyartoedina.hu\/en\/?s={search_term_string}\",\"query-input\":\"required name=search_term_string\"}],\"inLanguage\":\"en-US\"},{\"@type\":\"WebPage\",\"@id\":\"http:\/\/kerekgyartoedina.hu\/repertoar\/kortars-cigany-tanc\/#webpage\",\"url\":\"http:\/\/kerekgyartoedina.hu\/repertoar\/kortars-cigany-tanc\/\",\"name\":\"[:hu]Kort\\u00e1rs cig\\u00e1ny t\\u00e1nc[:en]Contemporary gipsy dance[:] - Ker\\u00e9kgy\\u00e1rt\\u00f3 Edina\",\"isPartOf\":{\"@id\":\"https:\/\/kerekgyartoedina.hu\/en\/#website\"},\"datePublished\":\"2016-06-17T13:09:03+00:00\",\"dateModified\":\"2016-10-09T19:45:38+00:00\",\"inLanguage\":\"en-US\",\"potentialAction\":[{\"@type\":\"ReadAction\",\"target\":[\"http:\/\/kerekgyartoedina.hu\/repertoar\/kortars-cigany-tanc\/\"]}]}]}<\/script>\n<!-- \/ Yoast SEO plugin. -->","_links":{"self":[{"href":"https:\/\/kerekgyartoedina.hu\/en\/wp-json\/wp\/v2\/pages\/42"}],"collection":[{"href":"https:\/\/kerekgyartoedina.hu\/en\/wp-json\/wp\/v2\/pages"}],"about":[{"href":"https:\/\/kerekgyartoedina.hu\/en\/wp-json\/wp\/v2\/types\/page"}],"author":[{"embeddable":true,"href":"https:\/\/kerekgyartoedina.hu\/en\/wp-json\/wp\/v2\/users\/1"}],"replies":[{"embeddable":true,"href":"https:\/\/kerekgyartoedina.hu\/en\/wp-json\/wp\/v2\/comments?post=42"}],"version-history":[{"count":9,"href":"https:\/\/kerekgyartoedina.hu\/en\/wp-json\/wp\/v2\/pages\/42\/revisions"}],"predecessor-version":[{"id":301,"href":"https:\/\/kerekgyartoedina.hu\/en\/wp-json\/wp\/v2\/pages\/42\/revisions\/301"}],"up":[{"embeddable":true,"href":"https:\/\/kerekgyartoedina.hu\/en\/wp-json\/wp\/v2\/pages\/14"}],"wp:attachment":[{"href":"https:\/\/kerekgyartoedina.hu\/en\/wp-json\/wp\/v2\/media?parent=42"}],"curies":[{"name":"wp","href":"https:\/\/api.w.org\/{rel}","templated":true}]}}