{"id":44,"date":"2016-06-17T13:09:30","date_gmt":"2016-06-17T13:09:30","guid":{"rendered":"http:\/\/kerekgyartoedina.hu\/?page_id=44"},"modified":"2016-10-09T21:47:31","modified_gmt":"2016-10-09T19:47:31","slug":"gypsy-jazz-tanc","status":"publish","type":"page","link":"https:\/\/kerekgyartoedina.hu\/en\/repertoar\/gypsy-jazz-tanc\/","title":{"rendered":"Jazz Gypsy dance"},"content":{"rendered":"Freedom is something that is not provided by your environment, but it is a permanently glowing, inner urge. A feeling that you cannot shake.<\/p>\n<p>The Jazz Gypsy dance choreographies were created to the songs of foreign jazz and blues musicians, in contrast with contemporary Gipsy dance choreographies using authentic Gypsy music or the music of Hungarian performers.<\/p>\n<p>To me the Jazz Gypsy dance is freedom, infinity, the \u201cparadise\u201d of dance improvisation. Today I consider myself lucky to be different and to dance something that is different, because this way I can give much more! This is infinite harmony is the Jazz Gypsy dance!<\/p>\n<hr \/>\n<div class=\"row\">\n<div class=\"col-md-6\">\n<p><iframe width=\"500\" height=\"375\" src=\"https:\/\/www.youtube.com\/embed\/QN2mxN2qoX8?feature=oembed&amp;wmode=opaque\" frameborder=\"0\" allowfullscreen><\/iframe><\/p>\n<p><strong>Szakcsi World Jazz Gypsy Project \u2013 Dance choreography entitled \u201cGelem, Gelem\u201d, contemporary gypsy dance, Palace of Arts. Music: B\u00e9la Szakcsi Lakatos \u2013 piano, Reginald Veal (USA) \u2013 double bass, Terri Lyne Carrington (USA) \u2013 drums, Florin Niculescu (RO) \u2013 violin, Bireli Lagr\u00e8ne (F) \u2013 guitar, Ikhlaq Hussain (USA, India) \u2013 sitar, Amit Chatterjee \u2013 vocals, guitar; M\u00f3nika Miczura (Mitsoura) \u2013 vocals, M\u00f3nika Rost\u00e1s \u2013 vocals, Adittee Bhagwat (India) \u2013 authentic Indian dance, Csaba Rost\u00e1s \u2013 percussions, vocals.<\/strong><br \/>\n<\/div>\n<div class=\"col-md-6\">\n<p><iframe width=\"500\" height=\"375\" src=\"https:\/\/www.youtube.com\/embed\/8MEQv5wjnus?feature=oembed&amp;wmode=opaque\" frameborder=\"0\" allowfullscreen><\/iframe><\/p>\n<p><strong>Blues Jazz Gypsy Kort\u00e1rs T\u00e1nc \/ Blues Jazz Gypsy Contemporary Dance<\/strong><br \/>\n<\/div>\n<\/div>\n<div class=\"row\">\n<div class=\"col-md-6\">\n<p><iframe width=\"500\" height=\"375\" src=\"https:\/\/www.youtube.com\/embed\/NXmwMP1Lzz4?feature=oembed&amp;wmode=opaque\" frameborder=\"0\" allowfullscreen><\/iframe><\/p>\n<div class=\"fel-doboz\">\n<p><strong>Kort\u00e1rs Jazz T\u00e1nc \/ Contemporary Jazz Dance<\/strong><\/p>\n<\/div>\n<\/div>\n<div class=\"col-md-6\">\n<p><iframe width=\"500\" height=\"375\" src=\"https:\/\/www.youtube.com\/embed\/6K_NV_HDwUA?feature=oembed&amp;wmode=opaque\" frameborder=\"0\" allowfullscreen><\/iframe><\/p>\n<p><strong>Jazz Gypsy T\u00e1nc \/ Jazz Gypsy Dance<\/strong><br \/>\n<\/div>\n<\/div>\n<hr id=\"ajanlatkeres\" \/>\n<h2>Request a performance<\/h2>\n<div role=\"form\" class=\"wpcf7\" id=\"wpcf7-f275-o2\" lang=\"hu-HU\" dir=\"ltr\">\n<div class=\"screen-reader-response\" role=\"alert\" aria-live=\"polite\"><\/div>\n<form action=\"\/en\/wp-json\/wp\/v2\/pages\/44#wpcf7-f275-o2\" method=\"post\" class=\"wpcf7-form init\" novalidate=\"novalidate\">\n<div style=\"display: none;\">\n<input type=\"hidden\" name=\"_wpcf7\" value=\"275\" \/>\n<input type=\"hidden\" name=\"_wpcf7_version\" value=\"5.2.2\" \/>\n<input type=\"hidden\" name=\"_wpcf7_locale\" value=\"hu_HU\" \/>\n<input type=\"hidden\" name=\"_wpcf7_unit_tag\" value=\"wpcf7-f275-o2\" \/>\n<input type=\"hidden\" name=\"_wpcf7_container_post\" value=\"0\" \/>\n<input type=\"hidden\" name=\"_wpcf7_posted_data_hash\" value=\"\" \/>\n<\/div>\n<p><span class=\"wpcf7-form-control-wrap your-name\"><input type=\"text\" name=\"your-name\" value=\"\" size=\"40\" class=\"wpcf7-form-control wpcf7-text wpcf7-validates-as-required\" aria-required=\"true\" aria-invalid=\"false\" placeholder=\"Your name\" \/><\/span> <\/p>\n<p><span class=\"wpcf7-form-control-wrap your-email\"><input type=\"email\" name=\"your-email\" value=\"\" size=\"40\" class=\"wpcf7-form-control wpcf7-text wpcf7-email wpcf7-validates-as-required wpcf7-validates-as-email\" aria-required=\"true\" aria-invalid=\"false\" placeholder=\"Your email address\" \/><\/span> <\/p>\n<p><span class=\"wpcf7-form-control-wrap your-phone\"><input type=\"text\" name=\"your-phone\" value=\"\" size=\"40\" class=\"wpcf7-form-control wpcf7-text wpcf7-validates-as-required\" aria-required=\"true\" aria-invalid=\"false\" placeholder=\"Your phone number\" \/><\/span> <\/p>\n<p><span class=\"wpcf7-form-control-wrap your-message\"><textarea name=\"your-message\" cols=\"40\" rows=\"10\" class=\"wpcf7-form-control wpcf7-textarea wpcf7-validates-as-required\" aria-required=\"true\" aria-invalid=\"false\" placeholder=\"Message\"><\/textarea><\/span> <\/p>\n<p><input type=\"submit\" value=\"Submit\" class=\"wpcf7-form-control wpcf7-submit\" \/><\/p>\n<div class=\"wpcf7-response-output\" role=\"alert\" aria-hidden=\"true\"><\/div><\/form><\/div>","protected":false},"excerpt":{"rendered":"<p>Freedom is something that is not provided by your environment, but it is a permanently glowing, inner urge. A feeling that you cannot shake. The Jazz Gypsy dance choreographies were created to the songs of foreign jazz and blues musicians, in contrast with contemporary Gipsy dance choreographies using authentic Gypsy music or the music of [&hellip;]<\/p>\n","protected":false},"author":1,"featured_media":0,"parent":14,"menu_order":0,"comment_status":"closed","ping_status":"closed","template":"","meta":[],"yoast_head":"<!-- This site is optimized with the Yoast SEO plugin v15.0 - https:\/\/yoast.com\/wordpress\/plugins\/seo\/ -->\n<title>Gypsy Jazz t\u00e1ncm\u0171sor rendelhet\u0151! - Ker\u00e9kgy\u00e1rt\u00f3 Edina t\u00e1ncm\u0171v\u00e9sz<\/title>\n<meta name=\"description\" content=\"Gypsy Jazz t\u00e1ncm\u0171sor rendelhet\u0151!\" \/>\n<meta name=\"robots\" content=\"index, follow, max-snippet:-1, max-image-preview:large, max-video-preview:-1\" \/>\n<link rel=\"canonical\" href=\"http:\/\/kerekgyartoedina.hu\/repertoar\/gypsy-jazz-tanc\/\" \/>\n<meta property=\"og:locale\" content=\"en_US\" \/>\n<meta property=\"og:type\" content=\"article\" \/>\n<meta property=\"og:title\" content=\"Gypsy Jazz t\u00e1ncm\u0171sor rendelhet\u0151! - Ker\u00e9kgy\u00e1rt\u00f3 Edina t\u00e1ncm\u0171v\u00e9sz\" \/>\n<meta property=\"og:description\" content=\"Gypsy Jazz t\u00e1ncm\u0171sor rendelhet\u0151!\" \/>\n<meta property=\"og:url\" content=\"http:\/\/kerekgyartoedina.hu\/repertoar\/gypsy-jazz-tanc\/\" \/>\n<meta property=\"og:site_name\" content=\"Ker\u00e9kgy\u00e1rt\u00f3 Edina\" \/>\n<meta property=\"article:modified_time\" content=\"2016-10-09T19:47:31+00:00\" \/>\n<meta name=\"twitter:card\" content=\"summary\" \/>\n<script type=\"application\/ld+json\" class=\"yoast-schema-graph\">{\"@context\":\"https:\/\/schema.org\",\"@graph\":[{\"@type\":\"WebSite\",\"@id\":\"https:\/\/kerekgyartoedina.hu\/en\/#website\",\"url\":\"https:\/\/kerekgyartoedina.hu\/en\/\",\"name\":\"Ker\\u00e9kgy\\u00e1rt\\u00f3 Edina\",\"description\":\"Dancer\",\"potentialAction\":[{\"@type\":\"SearchAction\",\"target\":\"https:\/\/kerekgyartoedina.hu\/en\/?s={search_term_string}\",\"query-input\":\"required name=search_term_string\"}],\"inLanguage\":\"en-US\"},{\"@type\":\"WebPage\",\"@id\":\"http:\/\/kerekgyartoedina.hu\/repertoar\/gypsy-jazz-tanc\/#webpage\",\"url\":\"http:\/\/kerekgyartoedina.hu\/repertoar\/gypsy-jazz-tanc\/\",\"name\":\"Gypsy Jazz t\\u00e1ncm\\u0171sor rendelhet\\u0151! - Ker\\u00e9kgy\\u00e1rt\\u00f3 Edina t\\u00e1ncm\\u0171v\\u00e9sz\",\"isPartOf\":{\"@id\":\"https:\/\/kerekgyartoedina.hu\/en\/#website\"},\"datePublished\":\"2016-06-17T13:09:30+00:00\",\"dateModified\":\"2016-10-09T19:47:31+00:00\",\"description\":\"Gypsy Jazz t\\u00e1ncm\\u0171sor rendelhet\\u0151!\",\"inLanguage\":\"en-US\",\"potentialAction\":[{\"@type\":\"ReadAction\",\"target\":[\"http:\/\/kerekgyartoedina.hu\/repertoar\/gypsy-jazz-tanc\/\"]}]}]}<\/script>\n<!-- \/ Yoast SEO plugin. -->","_links":{"self":[{"href":"https:\/\/kerekgyartoedina.hu\/en\/wp-json\/wp\/v2\/pages\/44"}],"collection":[{"href":"https:\/\/kerekgyartoedina.hu\/en\/wp-json\/wp\/v2\/pages"}],"about":[{"href":"https:\/\/kerekgyartoedina.hu\/en\/wp-json\/wp\/v2\/types\/page"}],"author":[{"embeddable":true,"href":"https:\/\/kerekgyartoedina.hu\/en\/wp-json\/wp\/v2\/users\/1"}],"replies":[{"embeddable":true,"href":"https:\/\/kerekgyartoedina.hu\/en\/wp-json\/wp\/v2\/comments?post=44"}],"version-history":[{"count":17,"href":"https:\/\/kerekgyartoedina.hu\/en\/wp-json\/wp\/v2\/pages\/44\/revisions"}],"predecessor-version":[{"id":302,"href":"https:\/\/kerekgyartoedina.hu\/en\/wp-json\/wp\/v2\/pages\/44\/revisions\/302"}],"up":[{"embeddable":true,"href":"https:\/\/kerekgyartoedina.hu\/en\/wp-json\/wp\/v2\/pages\/14"}],"wp:attachment":[{"href":"https:\/\/kerekgyartoedina.hu\/en\/wp-json\/wp\/v2\/media?parent=44"}],"curies":[{"name":"wp","href":"https:\/\/api.w.org\/{rel}","templated":true}]}}