{"id":50,"date":"2016-06-17T13:12:01","date_gmt":"2016-06-17T13:12:01","guid":{"rendered":"http:\/\/kerekgyartoedina.hu\/?page_id=50"},"modified":"2016-10-09T21:53:01","modified_gmt":"2016-10-09T19:53:01","slug":"szakralis-magyar-tanc","status":"publish","type":"page","link":"https:\/\/kerekgyartoedina.hu\/en\/repertoar\/szakralis-magyar-tanc\/","title":{"rendered":"Sacral hungarian dance"},"content":{"rendered":"Hungarian, because they are based on Hungarian songs, and sacral because it is pointing toward God.<\/p>\n<p>To dance in mud and dust, in a myrtle wreath, because it can give you a thousand joys, love, embrace, wisdom \u2013 your sacral path, present and future is one thing only: Life Enclosed in Dance<\/p>\n<p>To be free in dancing is like breathing together with the Earth; it is like breathing: if one day I woke up and could not dance any more, I think I would die because of that.<\/p>\n<p>To know that you are and will stay alive: it is Dance itself.<\/p>\n<p>The Hungarian sacral dance is the Past that took the form of a dance.<\/p>\n<hr \/>\n<div class=\"row\">\n<div class=\"col-md-6\">\n<p><iframe width=\"500\" height=\"375\" src=\"https:\/\/www.youtube.com\/embed\/soIZT4yTZwM?feature=oembed&amp;wmode=opaque\" frameborder=\"0\" allowfullscreen><\/iframe><\/p>\n<p><strong>Dance choreography entitled \u201cConjure with my Heart\u201d<br \/>\nsacral Hungarian dance, \u201cPapp L\u00e1szl\u00f3\u201d Budapest Sport Ar\u00e9na<br \/>\nRepublic grand concert<br \/>\nMusic: Republic<\/strong><br \/>\n<\/div>\n<div class=\"col-md-6\">\n<p><iframe width=\"500\" height=\"375\" src=\"https:\/\/www.youtube.com\/embed\/LtIIKTD5VqY?feature=oembed&amp;wmode=opaque\" frameborder=\"0\" allowfullscreen><\/iframe><\/p>\n<p><strong>Dance choreography entitled \u201cYou have given me this muddy road\u201d<br \/>\nSacral Hungarian dance<br \/>\nMusic: Republic<\/strong><br \/>\n<\/div>\n<\/div>\n<div class=\"row\">\n<div class=\"col-md-6\">\n<p><iframe width=\"500\" height=\"375\" src=\"https:\/\/www.youtube.com\/embed\/UQYUp18uY7M?feature=oembed&amp;wmode=opaque\" frameborder=\"0\" allowfullscreen><\/iframe><\/p>\n<p><strong>Dance choreography entitled \u201cThe Battle of the Huns\u201d<br \/>\nSacral Hungarian dance<br \/>\nMusic: The Prancing Miraculous Stag<\/strong><br \/>\n<\/div>\n<div class=\"col-md-6\">\n<p><iframe width=\"500\" height=\"375\" src=\"https:\/\/www.youtube.com\/embed\/jaFUybns5L4?feature=oembed&amp;wmode=opaque\" frameborder=\"0\" allowfullscreen><\/iframe><\/p>\n<p><strong>Dance choreography entitled \u201cI Will Bless You with Sorrow and Joy\u201d<br \/>\nSacral Hungarian dance<br \/>\nMusic\/lyrics: M\u00e1rton Vizi \/ Attila J\u00f3zsef<\/strong><br \/>\n<\/div>\n<\/div>\n<hr id=\"ajanlatkeres\" \/>\n<h2>Request a performance<\/h2>\n<div role=\"form\" class=\"wpcf7\" id=\"wpcf7-f275-o2\" lang=\"hu-HU\" dir=\"ltr\">\n<div class=\"screen-reader-response\" role=\"alert\" aria-live=\"polite\"><\/div>\n<form action=\"\/en\/wp-json\/wp\/v2\/pages\/50#wpcf7-f275-o2\" method=\"post\" class=\"wpcf7-form init\" novalidate=\"novalidate\">\n<div style=\"display: none;\">\n<input type=\"hidden\" name=\"_wpcf7\" value=\"275\" \/>\n<input type=\"hidden\" name=\"_wpcf7_version\" value=\"5.2.2\" \/>\n<input type=\"hidden\" name=\"_wpcf7_locale\" value=\"hu_HU\" \/>\n<input type=\"hidden\" name=\"_wpcf7_unit_tag\" value=\"wpcf7-f275-o2\" \/>\n<input type=\"hidden\" name=\"_wpcf7_container_post\" value=\"0\" \/>\n<input type=\"hidden\" name=\"_wpcf7_posted_data_hash\" value=\"\" \/>\n<\/div>\n<p><span class=\"wpcf7-form-control-wrap your-name\"><input type=\"text\" name=\"your-name\" value=\"\" size=\"40\" class=\"wpcf7-form-control wpcf7-text wpcf7-validates-as-required\" aria-required=\"true\" aria-invalid=\"false\" placeholder=\"Your name\" \/><\/span> <\/p>\n<p><span class=\"wpcf7-form-control-wrap your-email\"><input type=\"email\" name=\"your-email\" value=\"\" size=\"40\" class=\"wpcf7-form-control wpcf7-text wpcf7-email wpcf7-validates-as-required wpcf7-validates-as-email\" aria-required=\"true\" aria-invalid=\"false\" placeholder=\"Your email address\" \/><\/span> <\/p>\n<p><span class=\"wpcf7-form-control-wrap your-phone\"><input type=\"text\" name=\"your-phone\" value=\"\" size=\"40\" class=\"wpcf7-form-control wpcf7-text wpcf7-validates-as-required\" aria-required=\"true\" aria-invalid=\"false\" placeholder=\"Your phone number\" \/><\/span> <\/p>\n<p><span class=\"wpcf7-form-control-wrap your-message\"><textarea name=\"your-message\" cols=\"40\" rows=\"10\" class=\"wpcf7-form-control wpcf7-textarea wpcf7-validates-as-required\" aria-required=\"true\" aria-invalid=\"false\" placeholder=\"Message\"><\/textarea><\/span> <\/p>\n<p><input type=\"submit\" value=\"Submit\" class=\"wpcf7-form-control wpcf7-submit\" \/><\/p>\n<div class=\"wpcf7-response-output\" role=\"alert\" aria-hidden=\"true\"><\/div><\/form><\/div>","protected":false},"excerpt":{"rendered":"<p>Hungarian, because they are based on Hungarian songs, and sacral because it is pointing toward God. To dance in mud and dust, in a myrtle wreath, because it can give you a thousand joys, love, embrace, wisdom \u2013 your sacral path, present and future is one thing only: Life Enclosed in Dance To be free [&hellip;]<\/p>\n","protected":false},"author":1,"featured_media":0,"parent":14,"menu_order":0,"comment_status":"closed","ping_status":"closed","template":"","meta":[],"yoast_head":"<!-- This site is optimized with the Yoast SEO plugin v15.0 - https:\/\/yoast.com\/wordpress\/plugins\/seo\/ -->\n<title>Sacral hungarian dance - Ker\u00e9kgy\u00e1rt\u00f3 Edina<\/title>\n<meta name=\"robots\" content=\"index, follow, max-snippet:-1, max-image-preview:large, max-video-preview:-1\" \/>\n<link rel=\"canonical\" href=\"http:\/\/kerekgyartoedina.hu\/repertoar\/szakralis-magyar-tanc\/\" \/>\n<meta property=\"og:locale\" content=\"en_US\" \/>\n<meta property=\"og:type\" content=\"article\" \/>\n<meta property=\"og:title\" content=\"[:hu]Szakr\u00e1lis magyar t\u00e1nc[:en]Sacral hungarian dance[:] - Ker\u00e9kgy\u00e1rt\u00f3 Edina\" \/>\n<meta property=\"og:description\" content=\"Hungarian, because they are based on Hungarian songs, and sacral because it is pointing toward God. To dance in mud and dust, in a myrtle wreath, because it can give you a thousand joys, love, embrace, wisdom \u2013 your sacral path, present and future is one thing only: Life Enclosed in Dance To be free [&hellip;]\" \/>\n<meta property=\"og:url\" content=\"http:\/\/kerekgyartoedina.hu\/repertoar\/szakralis-magyar-tanc\/\" \/>\n<meta property=\"og:site_name\" content=\"Ker\u00e9kgy\u00e1rt\u00f3 Edina\" \/>\n<meta property=\"article:modified_time\" content=\"2016-10-09T19:53:01+00:00\" \/>\n<meta name=\"twitter:card\" content=\"summary\" \/>\n<script type=\"application\/ld+json\" class=\"yoast-schema-graph\">{\"@context\":\"https:\/\/schema.org\",\"@graph\":[{\"@type\":\"WebSite\",\"@id\":\"https:\/\/kerekgyartoedina.hu\/en\/#website\",\"url\":\"https:\/\/kerekgyartoedina.hu\/en\/\",\"name\":\"Ker\\u00e9kgy\\u00e1rt\\u00f3 Edina\",\"description\":\"Dancer\",\"potentialAction\":[{\"@type\":\"SearchAction\",\"target\":\"https:\/\/kerekgyartoedina.hu\/en\/?s={search_term_string}\",\"query-input\":\"required name=search_term_string\"}],\"inLanguage\":\"en-US\"},{\"@type\":\"WebPage\",\"@id\":\"http:\/\/kerekgyartoedina.hu\/repertoar\/szakralis-magyar-tanc\/#webpage\",\"url\":\"http:\/\/kerekgyartoedina.hu\/repertoar\/szakralis-magyar-tanc\/\",\"name\":\"[:hu]Szakr\\u00e1lis magyar t\\u00e1nc[:en]Sacral hungarian dance[:] - Ker\\u00e9kgy\\u00e1rt\\u00f3 Edina\",\"isPartOf\":{\"@id\":\"https:\/\/kerekgyartoedina.hu\/en\/#website\"},\"datePublished\":\"2016-06-17T13:12:01+00:00\",\"dateModified\":\"2016-10-09T19:53:01+00:00\",\"inLanguage\":\"en-US\",\"potentialAction\":[{\"@type\":\"ReadAction\",\"target\":[\"http:\/\/kerekgyartoedina.hu\/repertoar\/szakralis-magyar-tanc\/\"]}]}]}<\/script>\n<!-- \/ Yoast SEO plugin. -->","_links":{"self":[{"href":"https:\/\/kerekgyartoedina.hu\/en\/wp-json\/wp\/v2\/pages\/50"}],"collection":[{"href":"https:\/\/kerekgyartoedina.hu\/en\/wp-json\/wp\/v2\/pages"}],"about":[{"href":"https:\/\/kerekgyartoedina.hu\/en\/wp-json\/wp\/v2\/types\/page"}],"author":[{"embeddable":true,"href":"https:\/\/kerekgyartoedina.hu\/en\/wp-json\/wp\/v2\/users\/1"}],"replies":[{"embeddable":true,"href":"https:\/\/kerekgyartoedina.hu\/en\/wp-json\/wp\/v2\/comments?post=50"}],"version-history":[{"count":8,"href":"https:\/\/kerekgyartoedina.hu\/en\/wp-json\/wp\/v2\/pages\/50\/revisions"}],"predecessor-version":[{"id":305,"href":"https:\/\/kerekgyartoedina.hu\/en\/wp-json\/wp\/v2\/pages\/50\/revisions\/305"}],"up":[{"embeddable":true,"href":"https:\/\/kerekgyartoedina.hu\/en\/wp-json\/wp\/v2\/pages\/14"}],"wp:attachment":[{"href":"https:\/\/kerekgyartoedina.hu\/en\/wp-json\/wp\/v2\/media?parent=50"}],"curies":[{"name":"wp","href":"https:\/\/api.w.org\/{rel}","templated":true}]}}