{"id":52,"date":"2016-06-17T13:12:29","date_gmt":"2016-06-17T13:12:29","guid":{"rendered":"http:\/\/kerekgyartoedina.hu\/?page_id=52"},"modified":"2016-10-09T21:55:00","modified_gmt":"2016-10-09T19:55:00","slug":"koncertszinhaz","status":"publish","type":"page","link":"https:\/\/kerekgyartoedina.hu\/en\/repertoar\/koncertszinhaz\/","title":{"rendered":"Concert theatre"},"content":{"rendered":"I can fight and die for the single (dance) step that is called: Human Being.<\/p>\n<p>All at once, you recognize yourself in your dance choreographies, and the thought crystallizes: you do not only want to live your dances on the stage, at the concerts, but also in your life!<\/p>\n<p>And so the strongest dances are born. The Concert Theatre is a drop of life.<\/p>\n<hr \/>\n<div class=\"row\">\n<div class=\"col-md-6\">\n<p><iframe width=\"500\" height=\"375\" src=\"https:\/\/www.youtube.com\/embed\/soIZT4yTZwM?feature=oembed&amp;wmode=opaque\" frameborder=\"0\" allowfullscreen><\/iframe><\/p>\n<p><strong>Dance choreography entitled \u201cConjure with my Heart\u201d, sacral Hungarian dance, \u201cPapp L\u00e1szl\u00f3\u201d Budapest Sport Ar\u00e9na \u2013 Republic grand concert, sacral Hungarian dance. Music: Republic<\/strong><br \/>\n<\/div>\n<div class=\"col-md-6\">\n<p><iframe width=\"500\" height=\"375\" src=\"https:\/\/www.youtube.com\/embed\/m2TjrFs-fpg?feature=oembed&amp;wmode=opaque\" frameborder=\"0\" allowfullscreen><\/iframe><\/p>\n<p><strong>Dance choreography entitled \u201cAve Maria\u201d, concert theatre<br \/>\nChurchyard Evenings<br \/>\nMusic: \u201cRajk\u00f3\u201d Art Ensemble, Singer: Lilla Vincze<\/strong><br \/>\n<\/div>\n<\/div>\n<div class=\"row\">\n<div class=\"col-md-6\">\n<p><iframe width=\"500\" height=\"375\" src=\"https:\/\/www.youtube.com\/embed\/5mO5fAjg6K0?feature=oembed&amp;wmode=opaque\" frameborder=\"0\" allowfullscreen><\/iframe><\/p>\n<p><strong>Dance choreography entitled \u201cSongs All the Way to the Stars\u201d, concert theatre, \u201cPet\u0151fi\u201d Hall \u2013 The Prancing Miraculous Stag, grand concert<br \/>\nMusic: The Prancing Miraculous Stag<br \/>\nSinger: Attila Grandpierre<\/strong><br \/>\n<\/div>\n<div class=\"col-md-6\">\n<p><iframe width=\"500\" height=\"375\" src=\"https:\/\/www.youtube.com\/embed\/QN2mxN2qoX8?feature=oembed&amp;wmode=opaque\" frameborder=\"0\" allowfullscreen><\/iframe><\/p>\n<p><strong>Szakcsi World Jazz Gypsy Project \u2013 Dance choreography entitled \u201cGelem, Gelem\u201d, contemporary gypsy dance, Palace of Arts. Music: B\u00e9la Szakcsi Lakatos \u2013 piano, Reginald Veal (USA) \u2013 double bass, Terri Lyne Carrington (USA) \u2013 drums, Florin Niculescu (RO) \u2013 violin, Bireli Lagr\u00e8ne (F) \u2013 guitar, Ikhlaq Hussain (USA, India) \u2013 sitar, Amit Chatterjee \u2013 vocals, guitar; M\u00f3nika Miczura (Mitsoura) \u2013 vocals, M\u00f3nika Rost\u00e1s \u2013 vocals, Adittee Bhagwat (India) \u2013 authentic Indian dance, Csaba Rost\u00e1s \u2013 percussions, vocals.<\/strong><br \/>\n<\/div>\n<\/div>\n<hr id=\"ajanlatkeres\" \/>\n<h2>Request a performance<\/h2>\n<div role=\"form\" class=\"wpcf7\" id=\"wpcf7-f275-o2\" lang=\"hu-HU\" dir=\"ltr\">\n<div class=\"screen-reader-response\" role=\"alert\" aria-live=\"polite\"><\/div>\n<form action=\"\/en\/wp-json\/wp\/v2\/pages\/52#wpcf7-f275-o2\" method=\"post\" class=\"wpcf7-form init\" novalidate=\"novalidate\">\n<div style=\"display: none;\">\n<input type=\"hidden\" name=\"_wpcf7\" value=\"275\" \/>\n<input type=\"hidden\" name=\"_wpcf7_version\" value=\"5.2.2\" \/>\n<input type=\"hidden\" name=\"_wpcf7_locale\" value=\"hu_HU\" \/>\n<input type=\"hidden\" name=\"_wpcf7_unit_tag\" value=\"wpcf7-f275-o2\" \/>\n<input type=\"hidden\" name=\"_wpcf7_container_post\" value=\"0\" \/>\n<input type=\"hidden\" name=\"_wpcf7_posted_data_hash\" value=\"\" \/>\n<\/div>\n<p><span class=\"wpcf7-form-control-wrap your-name\"><input type=\"text\" name=\"your-name\" value=\"\" size=\"40\" class=\"wpcf7-form-control wpcf7-text wpcf7-validates-as-required\" aria-required=\"true\" aria-invalid=\"false\" placeholder=\"Your name\" \/><\/span> <\/p>\n<p><span class=\"wpcf7-form-control-wrap your-email\"><input type=\"email\" name=\"your-email\" value=\"\" size=\"40\" class=\"wpcf7-form-control wpcf7-text wpcf7-email wpcf7-validates-as-required wpcf7-validates-as-email\" aria-required=\"true\" aria-invalid=\"false\" placeholder=\"Your email address\" \/><\/span> <\/p>\n<p><span class=\"wpcf7-form-control-wrap your-phone\"><input type=\"text\" name=\"your-phone\" value=\"\" size=\"40\" class=\"wpcf7-form-control wpcf7-text wpcf7-validates-as-required\" aria-required=\"true\" aria-invalid=\"false\" placeholder=\"Your phone number\" \/><\/span> <\/p>\n<p><span class=\"wpcf7-form-control-wrap your-message\"><textarea name=\"your-message\" cols=\"40\" rows=\"10\" class=\"wpcf7-form-control wpcf7-textarea wpcf7-validates-as-required\" aria-required=\"true\" aria-invalid=\"false\" placeholder=\"Message\"><\/textarea><\/span> <\/p>\n<p><input type=\"submit\" value=\"Submit\" class=\"wpcf7-form-control wpcf7-submit\" \/><\/p>\n<div class=\"wpcf7-response-output\" role=\"alert\" aria-hidden=\"true\"><\/div><\/form><\/div>","protected":false},"excerpt":{"rendered":"<p>I can fight and die for the single (dance) step that is called: Human Being. All at once, you recognize yourself in your dance choreographies, and the thought crystallizes: you do not only want to live your dances on the stage, at the concerts, but also in your life! And so the strongest dances are [&hellip;]<\/p>\n","protected":false},"author":1,"featured_media":0,"parent":14,"menu_order":0,"comment_status":"closed","ping_status":"closed","template":"","meta":[],"yoast_head":"<!-- This site is optimized with the Yoast SEO plugin v15.0 - https:\/\/yoast.com\/wordpress\/plugins\/seo\/ -->\n<title>Koncertsz\u00ednh\u00e1z m\u0171sor rendelhet\u0151 - Ker\u00e9kgy\u00e1rt\u00f3 Edina t\u00e1ncm\u0171v\u00e9sz<\/title>\n<meta name=\"description\" content=\"Koncertsz\u00ednh\u00e1z m\u0171sor rendelhet\u0151 - Ker\u00e9kgy\u00e1rt\u00f3 Edina t\u00e1ncm\u0171v\u00e9sz\" \/>\n<meta name=\"robots\" content=\"index, follow, max-snippet:-1, max-image-preview:large, max-video-preview:-1\" \/>\n<link rel=\"canonical\" href=\"http:\/\/kerekgyartoedina.hu\/repertoar\/koncertszinhaz\/\" \/>\n<meta property=\"og:locale\" content=\"en_US\" \/>\n<meta property=\"og:type\" content=\"article\" \/>\n<meta property=\"og:title\" content=\"Koncertsz\u00ednh\u00e1z m\u0171sor rendelhet\u0151 - Ker\u00e9kgy\u00e1rt\u00f3 Edina t\u00e1ncm\u0171v\u00e9sz\" \/>\n<meta property=\"og:description\" content=\"Koncertsz\u00ednh\u00e1z m\u0171sor rendelhet\u0151 - Ker\u00e9kgy\u00e1rt\u00f3 Edina t\u00e1ncm\u0171v\u00e9sz\" \/>\n<meta property=\"og:url\" content=\"http:\/\/kerekgyartoedina.hu\/repertoar\/koncertszinhaz\/\" \/>\n<meta property=\"og:site_name\" content=\"Ker\u00e9kgy\u00e1rt\u00f3 Edina\" \/>\n<meta property=\"article:modified_time\" content=\"2016-10-09T19:55:00+00:00\" \/>\n<meta name=\"twitter:card\" content=\"summary\" \/>\n<script type=\"application\/ld+json\" class=\"yoast-schema-graph\">{\"@context\":\"https:\/\/schema.org\",\"@graph\":[{\"@type\":\"WebSite\",\"@id\":\"https:\/\/kerekgyartoedina.hu\/en\/#website\",\"url\":\"https:\/\/kerekgyartoedina.hu\/en\/\",\"name\":\"Ker\\u00e9kgy\\u00e1rt\\u00f3 Edina\",\"description\":\"Dancer\",\"potentialAction\":[{\"@type\":\"SearchAction\",\"target\":\"https:\/\/kerekgyartoedina.hu\/en\/?s={search_term_string}\",\"query-input\":\"required name=search_term_string\"}],\"inLanguage\":\"en-US\"},{\"@type\":\"WebPage\",\"@id\":\"http:\/\/kerekgyartoedina.hu\/repertoar\/koncertszinhaz\/#webpage\",\"url\":\"http:\/\/kerekgyartoedina.hu\/repertoar\/koncertszinhaz\/\",\"name\":\"Koncertsz\\u00ednh\\u00e1z m\\u0171sor rendelhet\\u0151 - Ker\\u00e9kgy\\u00e1rt\\u00f3 Edina t\\u00e1ncm\\u0171v\\u00e9sz\",\"isPartOf\":{\"@id\":\"https:\/\/kerekgyartoedina.hu\/en\/#website\"},\"datePublished\":\"2016-06-17T13:12:29+00:00\",\"dateModified\":\"2016-10-09T19:55:00+00:00\",\"description\":\"Koncertsz\\u00ednh\\u00e1z m\\u0171sor rendelhet\\u0151 - Ker\\u00e9kgy\\u00e1rt\\u00f3 Edina t\\u00e1ncm\\u0171v\\u00e9sz\",\"inLanguage\":\"en-US\",\"potentialAction\":[{\"@type\":\"ReadAction\",\"target\":[\"http:\/\/kerekgyartoedina.hu\/repertoar\/koncertszinhaz\/\"]}]}]}<\/script>\n<!-- \/ Yoast SEO plugin. -->","_links":{"self":[{"href":"https:\/\/kerekgyartoedina.hu\/en\/wp-json\/wp\/v2\/pages\/52"}],"collection":[{"href":"https:\/\/kerekgyartoedina.hu\/en\/wp-json\/wp\/v2\/pages"}],"about":[{"href":"https:\/\/kerekgyartoedina.hu\/en\/wp-json\/wp\/v2\/types\/page"}],"author":[{"embeddable":true,"href":"https:\/\/kerekgyartoedina.hu\/en\/wp-json\/wp\/v2\/users\/1"}],"replies":[{"embeddable":true,"href":"https:\/\/kerekgyartoedina.hu\/en\/wp-json\/wp\/v2\/comments?post=52"}],"version-history":[{"count":9,"href":"https:\/\/kerekgyartoedina.hu\/en\/wp-json\/wp\/v2\/pages\/52\/revisions"}],"predecessor-version":[{"id":306,"href":"https:\/\/kerekgyartoedina.hu\/en\/wp-json\/wp\/v2\/pages\/52\/revisions\/306"}],"up":[{"embeddable":true,"href":"https:\/\/kerekgyartoedina.hu\/en\/wp-json\/wp\/v2\/pages\/14"}],"wp:attachment":[{"href":"https:\/\/kerekgyartoedina.hu\/en\/wp-json\/wp\/v2\/media?parent=52"}],"curies":[{"name":"wp","href":"https:\/\/api.w.org\/{rel}","templated":true}]}}