{"id":56,"date":"2016-06-17T13:13:10","date_gmt":"2016-06-17T13:13:10","guid":{"rendered":"http:\/\/kerekgyartoedina.hu\/?page_id=56"},"modified":"2016-06-23T20:43:56","modified_gmt":"2016-06-23T20:43:56","slug":"kortars-cigany-tanc","status":"publish","type":"page","link":"https:\/\/kerekgyartoedina.hu\/en\/kepek\/kortars-cigany-tanc\/","title":{"rendered":"Contemporary gipsy dance"},"content":{"rendered":"<div id='gallery-1' class='gallery galleryid-56 gallery-columns-2 gallery-size-galeria'><figure class='gallery-item'>\n\t\t\t<div class='gallery-icon portrait'>\n\t\t\t\t<a href='https:\/\/kerekgyartoedina.hu\/wp-content\/uploads\/2016\/06\/kortars-cigany-1.jpg'><img width=\"440\" height=\"690\" src=\"https:\/\/kerekgyartoedina.hu\/wp-content\/uploads\/2016\/06\/kortars-cigany-1-440x690.jpg\" class=\"attachment-galeria size-galeria\" alt=\"\" loading=\"lazy\" \/><\/a>\n\t\t\t<\/div><\/figure><figure class='gallery-item'>\n\t\t\t<div class='gallery-icon portrait'>\n\t\t\t\t<a href='https:\/\/kerekgyartoedina.hu\/wp-content\/uploads\/2016\/06\/kortars-cigany-2.jpg'><img width=\"440\" height=\"690\" src=\"https:\/\/kerekgyartoedina.hu\/wp-content\/uploads\/2016\/06\/kortars-cigany-2-440x690.jpg\" class=\"attachment-galeria size-galeria\" alt=\"\" loading=\"lazy\" \/><\/a>\n\t\t\t<\/div><\/figure><figure class='gallery-item'>\n\t\t\t<div class='gallery-icon portrait'>\n\t\t\t\t<a href='https:\/\/kerekgyartoedina.hu\/wp-content\/uploads\/2016\/06\/kortars-cigany-3.jpg'><img width=\"440\" height=\"690\" src=\"https:\/\/kerekgyartoedina.hu\/wp-content\/uploads\/2016\/06\/kortars-cigany-3-440x690.jpg\" class=\"attachment-galeria size-galeria\" alt=\"\" loading=\"lazy\" \/><\/a>\n\t\t\t<\/div><\/figure><figure class='gallery-item'>\n\t\t\t<div class='gallery-icon portrait'>\n\t\t\t\t<a href='https:\/\/kerekgyartoedina.hu\/wp-content\/uploads\/2016\/06\/kortars-cigany-4.jpg'><img width=\"440\" height=\"690\" src=\"https:\/\/kerekgyartoedina.hu\/wp-content\/uploads\/2016\/06\/kortars-cigany-4-440x690.jpg\" class=\"attachment-galeria size-galeria\" alt=\"\" loading=\"lazy\" \/><\/a>\n\t\t\t<\/div><\/figure>\n\t\t<\/div>\n\n","protected":false},"excerpt":{"rendered":"","protected":false},"author":1,"featured_media":0,"parent":12,"menu_order":0,"comment_status":"closed","ping_status":"closed","template":"","meta":[],"yoast_head":"<!-- This site is optimized with the Yoast SEO plugin v15.0 - https:\/\/yoast.com\/wordpress\/plugins\/seo\/ -->\n<title>Contemporary gipsy dance - Ker\u00e9kgy\u00e1rt\u00f3 Edina<\/title>\n<meta name=\"robots\" content=\"index, follow, max-snippet:-1, max-image-preview:large, max-video-preview:-1\" \/>\n<link rel=\"canonical\" href=\"http:\/\/kerekgyartoedina.hu\/kepek\/kortars-cigany-tanc\/\" \/>\n<meta property=\"og:locale\" content=\"en_US\" \/>\n<meta property=\"og:type\" content=\"article\" \/>\n<meta property=\"og:title\" content=\"[:hu]Kort\u00e1rs cig\u00e1ny t\u00e1nc[:en]Contemporary gipsy dance[:] - Ker\u00e9kgy\u00e1rt\u00f3 Edina\" \/>\n<meta property=\"og:url\" content=\"http:\/\/kerekgyartoedina.hu\/kepek\/kortars-cigany-tanc\/\" \/>\n<meta property=\"og:site_name\" content=\"Ker\u00e9kgy\u00e1rt\u00f3 Edina\" \/>\n<meta property=\"article:modified_time\" content=\"2016-06-23T20:43:56+00:00\" \/>\n<meta property=\"og:image\" content=\"http:\/\/kerekgyartoedina.hu\/wp-content\/uploads\/2016\/06\/kortars-cigany-1-440x690.jpg\" \/>\n<meta name=\"twitter:card\" content=\"summary\" \/>\n<script type=\"application\/ld+json\" class=\"yoast-schema-graph\">{\"@context\":\"https:\/\/schema.org\",\"@graph\":[{\"@type\":\"WebSite\",\"@id\":\"https:\/\/kerekgyartoedina.hu\/en\/#website\",\"url\":\"https:\/\/kerekgyartoedina.hu\/en\/\",\"name\":\"Ker\\u00e9kgy\\u00e1rt\\u00f3 Edina\",\"description\":\"Dancer\",\"potentialAction\":[{\"@type\":\"SearchAction\",\"target\":\"https:\/\/kerekgyartoedina.hu\/en\/?s={search_term_string}\",\"query-input\":\"required name=search_term_string\"}],\"inLanguage\":\"en-US\"},{\"@type\":\"WebPage\",\"@id\":\"http:\/\/kerekgyartoedina.hu\/kepek\/kortars-cigany-tanc\/#webpage\",\"url\":\"http:\/\/kerekgyartoedina.hu\/kepek\/kortars-cigany-tanc\/\",\"name\":\"[:hu]Kort\\u00e1rs cig\\u00e1ny t\\u00e1nc[:en]Contemporary gipsy dance[:] - Ker\\u00e9kgy\\u00e1rt\\u00f3 Edina\",\"isPartOf\":{\"@id\":\"https:\/\/kerekgyartoedina.hu\/en\/#website\"},\"datePublished\":\"2016-06-17T13:13:10+00:00\",\"dateModified\":\"2016-06-23T20:43:56+00:00\",\"inLanguage\":\"en-US\",\"potentialAction\":[{\"@type\":\"ReadAction\",\"target\":[\"http:\/\/kerekgyartoedina.hu\/kepek\/kortars-cigany-tanc\/\"]}]}]}<\/script>\n<!-- \/ Yoast SEO plugin. -->","_links":{"self":[{"href":"https:\/\/kerekgyartoedina.hu\/en\/wp-json\/wp\/v2\/pages\/56"}],"collection":[{"href":"https:\/\/kerekgyartoedina.hu\/en\/wp-json\/wp\/v2\/pages"}],"about":[{"href":"https:\/\/kerekgyartoedina.hu\/en\/wp-json\/wp\/v2\/types\/page"}],"author":[{"embeddable":true,"href":"https:\/\/kerekgyartoedina.hu\/en\/wp-json\/wp\/v2\/users\/1"}],"replies":[{"embeddable":true,"href":"https:\/\/kerekgyartoedina.hu\/en\/wp-json\/wp\/v2\/comments?post=56"}],"version-history":[{"count":5,"href":"https:\/\/kerekgyartoedina.hu\/en\/wp-json\/wp\/v2\/pages\/56\/revisions"}],"predecessor-version":[{"id":254,"href":"https:\/\/kerekgyartoedina.hu\/en\/wp-json\/wp\/v2\/pages\/56\/revisions\/254"}],"up":[{"embeddable":true,"href":"https:\/\/kerekgyartoedina.hu\/en\/wp-json\/wp\/v2\/pages\/12"}],"wp:attachment":[{"href":"https:\/\/kerekgyartoedina.hu\/en\/wp-json\/wp\/v2\/media?parent=56"}],"curies":[{"name":"wp","href":"https:\/\/api.w.org\/{rel}","templated":true}]}}