{"id":62,"date":"2016-06-17T13:14:41","date_gmt":"2016-06-17T13:14:41","guid":{"rendered":"http:\/\/kerekgyartoedina.hu\/?page_id=62"},"modified":"2016-06-23T20:45:00","modified_gmt":"2016-06-23T20:45:00","slug":"szakralis-magyar-tanc","status":"publish","type":"page","link":"https:\/\/kerekgyartoedina.hu\/en\/kepek\/szakralis-magyar-tanc\/","title":{"rendered":"Sacral hungarian dance"},"content":{"rendered":"<div id='gallery-1' class='gallery galleryid-62 gallery-columns-2 gallery-size-galeria'><figure class='gallery-item'>\n\t\t\t<div class='gallery-icon portrait'>\n\t\t\t\t<a href='https:\/\/kerekgyartoedina.hu\/wp-content\/uploads\/2016\/06\/szakralis-1.jpg'><img width=\"440\" height=\"690\" src=\"https:\/\/kerekgyartoedina.hu\/wp-content\/uploads\/2016\/06\/szakralis-1-440x690.jpg\" class=\"attachment-galeria size-galeria\" alt=\"\" loading=\"lazy\" \/><\/a>\n\t\t\t<\/div><\/figure><figure class='gallery-item'>\n\t\t\t<div class='gallery-icon portrait'>\n\t\t\t\t<a href='https:\/\/kerekgyartoedina.hu\/wp-content\/uploads\/2016\/06\/szakralis-2.jpg'><img width=\"440\" height=\"690\" src=\"https:\/\/kerekgyartoedina.hu\/wp-content\/uploads\/2016\/06\/szakralis-2-440x690.jpg\" class=\"attachment-galeria size-galeria\" alt=\"\" loading=\"lazy\" \/><\/a>\n\t\t\t<\/div><\/figure><figure class='gallery-item'>\n\t\t\t<div class='gallery-icon portrait'>\n\t\t\t\t<a href='https:\/\/kerekgyartoedina.hu\/wp-content\/uploads\/2016\/06\/szakralis-3.jpg'><img width=\"440\" height=\"690\" src=\"https:\/\/kerekgyartoedina.hu\/wp-content\/uploads\/2016\/06\/szakralis-3-440x690.jpg\" class=\"attachment-galeria size-galeria\" alt=\"\" loading=\"lazy\" \/><\/a>\n\t\t\t<\/div><\/figure><figure class='gallery-item'>\n\t\t\t<div class='gallery-icon portrait'>\n\t\t\t\t<a href='https:\/\/kerekgyartoedina.hu\/wp-content\/uploads\/2016\/06\/szakralis-4.jpg'><img width=\"440\" height=\"690\" src=\"https:\/\/kerekgyartoedina.hu\/wp-content\/uploads\/2016\/06\/szakralis-4-440x690.jpg\" class=\"attachment-galeria size-galeria\" alt=\"\" loading=\"lazy\" \/><\/a>\n\t\t\t<\/div><\/figure>\n\t\t<\/div>\n\n","protected":false},"excerpt":{"rendered":"","protected":false},"author":1,"featured_media":0,"parent":12,"menu_order":0,"comment_status":"closed","ping_status":"closed","template":"","meta":[],"yoast_head":"<!-- This site is optimized with the Yoast SEO plugin v15.0 - https:\/\/yoast.com\/wordpress\/plugins\/seo\/ -->\n<title>Sacral hungarian dance - Ker\u00e9kgy\u00e1rt\u00f3 Edina<\/title>\n<meta name=\"robots\" content=\"index, follow, max-snippet:-1, max-image-preview:large, max-video-preview:-1\" \/>\n<link rel=\"canonical\" href=\"http:\/\/kerekgyartoedina.hu\/kepek\/szakralis-magyar-tanc\/\" \/>\n<meta property=\"og:locale\" content=\"en_US\" \/>\n<meta property=\"og:type\" content=\"article\" \/>\n<meta property=\"og:title\" content=\"[:hu]Szakr\u00e1lis magyar t\u00e1nc[:en]Sacral hungarian dance[:] - Ker\u00e9kgy\u00e1rt\u00f3 Edina\" \/>\n<meta property=\"og:url\" content=\"http:\/\/kerekgyartoedina.hu\/kepek\/szakralis-magyar-tanc\/\" \/>\n<meta property=\"og:site_name\" content=\"Ker\u00e9kgy\u00e1rt\u00f3 Edina\" \/>\n<meta property=\"article:modified_time\" content=\"2016-06-23T20:45:00+00:00\" \/>\n<meta property=\"og:image\" content=\"http:\/\/kerekgyartoedina.hu\/wp-content\/uploads\/2016\/06\/szakralis-1-440x690.jpg\" \/>\n<meta name=\"twitter:card\" content=\"summary\" \/>\n<script type=\"application\/ld+json\" class=\"yoast-schema-graph\">{\"@context\":\"https:\/\/schema.org\",\"@graph\":[{\"@type\":\"WebSite\",\"@id\":\"https:\/\/kerekgyartoedina.hu\/en\/#website\",\"url\":\"https:\/\/kerekgyartoedina.hu\/en\/\",\"name\":\"Ker\\u00e9kgy\\u00e1rt\\u00f3 Edina\",\"description\":\"Dancer\",\"potentialAction\":[{\"@type\":\"SearchAction\",\"target\":\"https:\/\/kerekgyartoedina.hu\/en\/?s={search_term_string}\",\"query-input\":\"required name=search_term_string\"}],\"inLanguage\":\"en-US\"},{\"@type\":\"WebPage\",\"@id\":\"http:\/\/kerekgyartoedina.hu\/kepek\/szakralis-magyar-tanc\/#webpage\",\"url\":\"http:\/\/kerekgyartoedina.hu\/kepek\/szakralis-magyar-tanc\/\",\"name\":\"[:hu]Szakr\\u00e1lis magyar t\\u00e1nc[:en]Sacral hungarian dance[:] - Ker\\u00e9kgy\\u00e1rt\\u00f3 Edina\",\"isPartOf\":{\"@id\":\"https:\/\/kerekgyartoedina.hu\/en\/#website\"},\"datePublished\":\"2016-06-17T13:14:41+00:00\",\"dateModified\":\"2016-06-23T20:45:00+00:00\",\"inLanguage\":\"en-US\",\"potentialAction\":[{\"@type\":\"ReadAction\",\"target\":[\"http:\/\/kerekgyartoedina.hu\/kepek\/szakralis-magyar-tanc\/\"]}]}]}<\/script>\n<!-- \/ Yoast SEO plugin. -->","_links":{"self":[{"href":"https:\/\/kerekgyartoedina.hu\/en\/wp-json\/wp\/v2\/pages\/62"}],"collection":[{"href":"https:\/\/kerekgyartoedina.hu\/en\/wp-json\/wp\/v2\/pages"}],"about":[{"href":"https:\/\/kerekgyartoedina.hu\/en\/wp-json\/wp\/v2\/types\/page"}],"author":[{"embeddable":true,"href":"https:\/\/kerekgyartoedina.hu\/en\/wp-json\/wp\/v2\/users\/1"}],"replies":[{"embeddable":true,"href":"https:\/\/kerekgyartoedina.hu\/en\/wp-json\/wp\/v2\/comments?post=62"}],"version-history":[{"count":5,"href":"https:\/\/kerekgyartoedina.hu\/en\/wp-json\/wp\/v2\/pages\/62\/revisions"}],"predecessor-version":[{"id":257,"href":"https:\/\/kerekgyartoedina.hu\/en\/wp-json\/wp\/v2\/pages\/62\/revisions\/257"}],"up":[{"embeddable":true,"href":"https:\/\/kerekgyartoedina.hu\/en\/wp-json\/wp\/v2\/pages\/12"}],"wp:attachment":[{"href":"https:\/\/kerekgyartoedina.hu\/en\/wp-json\/wp\/v2\/media?parent=62"}],"curies":[{"name":"wp","href":"https:\/\/api.w.org\/{rel}","templated":true}]}}