{"id":8,"date":"2016-06-17T13:02:48","date_gmt":"2016-06-17T13:02:48","guid":{"rendered":"http:\/\/kerekgyartoedina.hu\/?page_id=8"},"modified":"2016-12-08T12:46:04","modified_gmt":"2016-12-08T11:46:04","slug":"hirek","status":"publish","type":"page","link":"https:\/\/kerekgyartoedina.hu\/en\/hirek\/","title":{"rendered":"News"},"content":{"rendered":"<h2><strong>Duna TV<\/strong><\/h2>\n<p>Appearance in the television programme \u201cFamily-friend\u201d of Lilla Vincze, with her family and friends: <a href=\"http:\/\/nava.hu\/id\/2201192\/\" target=\"_blank\">WATCH<\/a><\/p>\n<hr \/>\n<h2><strong>&#8220;In the Embrace of Mothers&#8221;<\/strong> &#8211; Report 2015<\/h2>\n<p><iframe width=\"500\" height=\"375\" src=\"https:\/\/www.youtube.com\/embed\/8fRfm1l7XLU?feature=oembed&amp;wmode=opaque\" frameborder=\"0\" allowfullscreen><\/iframe><\/p>\n<hr \/>\n<h2>On the Road \u2013 Dance movie:<\/h2>\n<p><iframe width=\"500\" height=\"375\" src=\"https:\/\/www.youtube.com\/embed\/uyPx80MlvHA?feature=oembed&amp;wmode=opaque\" frameborder=\"0\" allowfullscreen><\/iframe><\/p>\n<hr \/>\n<h2>Szakcsi World Jazz Project in M\u0171v\u00e9szetek Palot\u00e1ja (Palace of Arts, Budapest)<\/h2>\n<p><iframe width=\"500\" height=\"375\" src=\"https:\/\/www.youtube.com\/embed\/QN2mxN2qoX8?feature=oembed&amp;wmode=opaque\" frameborder=\"0\" allowfullscreen><\/iframe><\/p>\n<hr \/>\n<h2>Dance report \u2013 in Kultikon, the art programme of Duna TV<\/h2>\n<p><iframe width=\"500\" height=\"375\" src=\"https:\/\/www.youtube.com\/embed\/bnL__eg082E?feature=oembed&amp;wmode=opaque\" frameborder=\"0\" allowfullscreen><\/iframe><\/p>\n<hr \/>\n<h2>Dance and Prayer &#8211; Duna TV<\/h2>\n<p><iframe width=\"500\" height=\"375\" src=\"https:\/\/www.youtube.com\/embed\/VKerA_EbZbg?feature=oembed&amp;wmode=opaque\" frameborder=\"0\" allowfullscreen><\/iframe><\/p>\n<hr \/>\n<h2>Concert Theatre in Sportar\u00e9na (Budapest Sport Arena): Republic &#8211; Var\u00e1zsolj a sz\u00edvemmel (Conjure with my Heart)<\/h2>\n<p><iframe width=\"500\" height=\"375\" src=\"https:\/\/www.youtube.com\/embed\/soIZT4yTZwM?feature=oembed&amp;wmode=opaque\" frameborder=\"0\" allowfullscreen><\/iframe><\/p>\n<hr \/>\n<h2>Concert Theatre in Pet\u0151fi Csarnok (Pet\u0151fi Hall, Budapest)<\/h2>\n<p><iframe width=\"500\" height=\"375\" src=\"https:\/\/www.youtube.com\/embed\/5mO5fAjg6K0?feature=oembed&amp;wmode=opaque\" frameborder=\"0\" allowfullscreen><\/iframe><\/p>\n<hr \/>\n<h2>Templomkerti Est\u00e9k (CHURCHYARD EVENINGS, regular art event, Budapest)<\/h2>\n<p><iframe width=\"500\" height=\"375\" src=\"https:\/\/www.youtube.com\/embed\/m2TjrFs-fpg?feature=oembed&amp;wmode=opaque\" frameborder=\"0\" allowfullscreen><\/iframe><\/p>\n<hr \/>\n<h2>H\u00e9tesi Romatelep &#8211; Cig\u00e1ny Himnusz (Gipsy quarter \u2018H\u00e9tes\u2019, \u00d3zd \u2013 Gipsy Anthem)<\/h2>\n<p><iframe width=\"500\" height=\"375\" src=\"https:\/\/www.youtube.com\/embed\/W3o-SpJprpw?feature=oembed&amp;wmode=opaque\" frameborder=\"0\" allowfullscreen><\/iframe><\/p>\n<hr \/>\n<h2>Kod\u00e1ly Zolt\u00e1n F\u00e9rfik\u00f3rus: Hazat\u00e9r\u00e9s. &#8216;H\u00edd a magyar \u00e9s a roma kult\u00fara k\u00f6z\u00f6tt\u2019 (Kod\u00e1ly Zolt\u00e1n Men\u2019s Chorus: Hazat\u00e9r\u00e9s (Returning Home) by Krist\u00f3f V\u00edgh, in the programme &#8220;Bridge between the Hungarian and Roma cultures&#8221;)<\/h2>\n<p><iframe width=\"500\" height=\"375\" src=\"https:\/\/www.youtube.com\/embed\/fsswnSwaUI4?feature=oembed&amp;wmode=opaque\" frameborder=\"0\" allowfullscreen><\/iframe><\/p>\n<hr \/>\n<h2>Advent Concert with dance in the Church of Ter\u00e9zv\u00e1ros, Budapest<\/h2>\n<p><iframe width=\"500\" height=\"375\" src=\"https:\/\/www.youtube.com\/embed\/VHliiM2pJS4?feature=oembed&amp;wmode=opaque\" frameborder=\"0\" allowfullscreen><\/iframe>","protected":false},"excerpt":{"rendered":"<p>Duna TV Appearance in the television programme \u201cFamily-friend\u201d of Lilla Vincze, with her family and friends: WATCH &#8220;In the Embrace of Mothers&#8221; &#8211; Report 2015 On the Road \u2013 Dance movie: Szakcsi World Jazz Project in M\u0171v\u00e9szetek Palot\u00e1ja (Palace of Arts, Budapest) Dance report \u2013 in Kultikon, the art programme of Duna TV Dance and [&hellip;]<\/p>\n","protected":false},"author":1,"featured_media":0,"parent":0,"menu_order":0,"comment_status":"closed","ping_status":"closed","template":"page-hirek.php","meta":[],"yoast_head":"<!-- This site is optimized with the Yoast SEO plugin v15.0 - https:\/\/yoast.com\/wordpress\/plugins\/seo\/ -->\n<title>News - Ker\u00e9kgy\u00e1rt\u00f3 Edina<\/title>\n<meta name=\"robots\" content=\"index, follow, max-snippet:-1, max-image-preview:large, max-video-preview:-1\" \/>\n<link rel=\"canonical\" href=\"http:\/\/kerekgyartoedina.hu\/hirek\/\" \/>\n<meta property=\"og:locale\" content=\"en_US\" \/>\n<meta property=\"og:type\" content=\"article\" \/>\n<meta property=\"og:title\" content=\"[:hu]H\u00edrek[:en]News[:] - Ker\u00e9kgy\u00e1rt\u00f3 Edina\" \/>\n<meta property=\"og:description\" content=\"Duna TV Appearance in the television programme \u201cFamily-friend\u201d of Lilla Vincze, with her family and friends: WATCH &#8220;In the Embrace of Mothers&#8221; &#8211; Report 2015 On the Road \u2013 Dance movie: Szakcsi World Jazz Project in M\u0171v\u00e9szetek Palot\u00e1ja (Palace of Arts, Budapest) Dance report \u2013 in Kultikon, the art programme of Duna TV Dance and [&hellip;]\" \/>\n<meta property=\"og:url\" content=\"http:\/\/kerekgyartoedina.hu\/hirek\/\" \/>\n<meta property=\"og:site_name\" content=\"Ker\u00e9kgy\u00e1rt\u00f3 Edina\" \/>\n<meta property=\"article:modified_time\" content=\"2016-12-08T11:46:04+00:00\" \/>\n<meta property=\"og:image\" content=\"http:\/\/kerekgyartoedina.hu\/wp-content\/uploads\/2016\/06\/fonix-feszek-muhelyhaz-300x234.jpg\" \/>\n<meta name=\"twitter:card\" content=\"summary\" \/>\n<script type=\"application\/ld+json\" class=\"yoast-schema-graph\">{\"@context\":\"https:\/\/schema.org\",\"@graph\":[{\"@type\":\"WebSite\",\"@id\":\"https:\/\/kerekgyartoedina.hu\/en\/#website\",\"url\":\"https:\/\/kerekgyartoedina.hu\/en\/\",\"name\":\"Ker\\u00e9kgy\\u00e1rt\\u00f3 Edina\",\"description\":\"Dancer\",\"potentialAction\":[{\"@type\":\"SearchAction\",\"target\":\"https:\/\/kerekgyartoedina.hu\/en\/?s={search_term_string}\",\"query-input\":\"required name=search_term_string\"}],\"inLanguage\":\"en-US\"},{\"@type\":\"ImageObject\",\"@id\":\"http:\/\/kerekgyartoedina.hu\/hirek\/#primaryimage\",\"inLanguage\":\"en-US\",\"url\":\"http:\/\/kerekgyartoedina.hu\/wp-content\/uploads\/2016\/06\/fonix-feszek-muhelyhaz-300x234.jpg\"},{\"@type\":\"WebPage\",\"@id\":\"http:\/\/kerekgyartoedina.hu\/hirek\/#webpage\",\"url\":\"http:\/\/kerekgyartoedina.hu\/hirek\/\",\"name\":\"[:hu]H\\u00edrek[:en]News[:] - Ker\\u00e9kgy\\u00e1rt\\u00f3 Edina\",\"isPartOf\":{\"@id\":\"https:\/\/kerekgyartoedina.hu\/en\/#website\"},\"primaryImageOfPage\":{\"@id\":\"http:\/\/kerekgyartoedina.hu\/hirek\/#primaryimage\"},\"datePublished\":\"2016-06-17T13:02:48+00:00\",\"dateModified\":\"2016-12-08T11:46:04+00:00\",\"inLanguage\":\"en-US\",\"potentialAction\":[{\"@type\":\"ReadAction\",\"target\":[\"http:\/\/kerekgyartoedina.hu\/hirek\/\"]}]}]}<\/script>\n<!-- \/ Yoast SEO plugin. -->","_links":{"self":[{"href":"https:\/\/kerekgyartoedina.hu\/en\/wp-json\/wp\/v2\/pages\/8"}],"collection":[{"href":"https:\/\/kerekgyartoedina.hu\/en\/wp-json\/wp\/v2\/pages"}],"about":[{"href":"https:\/\/kerekgyartoedina.hu\/en\/wp-json\/wp\/v2\/types\/page"}],"author":[{"embeddable":true,"href":"https:\/\/kerekgyartoedina.hu\/en\/wp-json\/wp\/v2\/users\/1"}],"replies":[{"embeddable":true,"href":"https:\/\/kerekgyartoedina.hu\/en\/wp-json\/wp\/v2\/comments?post=8"}],"version-history":[{"count":22,"href":"https:\/\/kerekgyartoedina.hu\/en\/wp-json\/wp\/v2\/pages\/8\/revisions"}],"predecessor-version":[{"id":323,"href":"https:\/\/kerekgyartoedina.hu\/en\/wp-json\/wp\/v2\/pages\/8\/revisions\/323"}],"wp:attachment":[{"href":"https:\/\/kerekgyartoedina.hu\/en\/wp-json\/wp\/v2\/media?parent=8"}],"curies":[{"name":"wp","href":"https:\/\/api.w.org\/{rel}","templated":true}]}}